{"id":4736,"date":"2024-09-23T15:09:56","date_gmt":"2024-09-23T19:09:56","guid":{"rendered":"https:\/\/www.vdh.virginia.gov\/west-piedmont\/?page_id=4736"},"modified":"2026-03-31T11:59:41","modified_gmt":"2026-03-31T15:59:41","slug":"resources","status":"publish","type":"page","link":"https:\/\/www.vdh.virginia.gov\/west-piedmont\/resources\/","title":{"rendered":"Community Resources"},"content":{"rendered":"<div id=\"pl-4736\"  class=\"panel-layout\" ><div id=\"pg-4736-0\"  class=\"panel-grid panel-no-style\" ><div id=\"pgc-4736-0-0\"  class=\"panel-grid-cell\" ><div id=\"panel-4736-0-0-0\" class=\"so-panel widget widget_sow-editor panel-first-child panel-last-child\" data-index=\"0\" ><div\n\t\t\t\n\t\t\tclass=\"so-widget-sow-editor so-widget-sow-editor-base\"\n\t\t\t\n\t\t>\n<div class=\"siteorigin-widget-tinymce textwidget\">\n\t<p><strong>WEST<\/strong> <strong>PIEDMONT<\/strong> <strong>COMMUNITY<\/strong> <strong>RESOURCES<br \/>\n<\/strong>REV. 03.31.26<\/p>\n<p><strong>Your Local Health Department Services:\u00a0 <\/strong>WIC, Immunizations, Family Planning, Baby Care, HIV testing, STD (Sexually Transmitted Disease) Clinic, Environmental Health, <span data-olk-copy-source=\"MessageBody\">TB testing &amp; Vital Records<\/span>.<\/p>\n<h4 style=\"text-align: center;\">Henry-Martinsville 276-638-2311\u00a0 \u00a0 \u00a0 Franklin County 540-484-0292\u00a0 \u00a0 \u00a0 \u00a0<strong>Patrick County 276-693-2070<\/strong><\/h4>\n<p>&nbsp;<\/p>\n<p>211 Virginia is a free, confidential, and accessible service that connects people with information on available community services throughout the Commonwealth. Whether you need assistance with housing, food, healthcare, or other services, 211 Virginia is here to help.<\/p>\n<p><strong>Social Services: <\/strong>Temporary Assistance to Needy Families (TANF), SNAP, Medicaid, Energy assistance, Child Care, Medical Assistance etc... <strong>Apply for services online at: <\/strong><a href=\"http:\/\/www.commonhelp.virginia.gov\/\" target=\"_blank\" rel=\"noopener\"><strong><u>www.commonhelp.virginia.gov<\/u><\/strong><\/a><\/p>\n<p><strong>\u2756 Henry-Martinsville Department of Social Services <\/strong>20 Progress Drive, Martinsville 24115 P.O. Box 832, Martinsville, <em>V <\/em>A 24114\u00a0 Phone#: (276) 656-4300\u00a0 Toll Free (855) 635-4370<\/p>\n<p><strong>\u2756 Franklin County Department of Social Services <\/strong>120 East Court Street, Rocky Mount. VA 24151 Phone #: (540) 483-9247\u00a0\u00a0\u00a0\u00a0 Fax (540) 483-1933<\/p>\n<p><strong>\u2756 Patrick County Department of Social Services <\/strong>106 Rucker St., Suite 128 Stuart, VA 24171 Phone #: (276) 694-3328 Fax: (276) 694-8210<\/p>\n<hr \/>\n<p><strong>WEST PIEDMONT RECURSOS DE LA COMUNIDAD<\/strong><br \/>\nREV. 03.31.26<\/p>\n<p>Los servicios de su departamento de salud local: WIC, vacunas, planificaci\u00f3n familiar, cuidado del beb\u00e9, pruebas de VIH, cl\u00ednica de enfermedades de transmisi\u00f3n sexual (ETSJ y salud ambiental.<\/p>\n<h4 style=\"text-align: center;\">Henry-Martinsville 276-638-2311\u00a0 \u00a0 \u00a0 \u00a0 Franklin County 540-484-0292\u00a0 \u00a0 \u00a0 \u00a0<strong>Patrick County 276-693-2070<\/strong><\/h4>\n<p>Servicios sociales: Asistencia Temporal paro Famijios Necesitados(TANF}, SNAP, Medicaid, Asistencia energ\u00e9tico, cuidado infantil. asistencia m\u00e9dico, etc .... Solicite servicios en l\u00ednea en: www.commonhelp.virginia.gov<\/p>\n<p>\u2756 <strong>Henry-Martinsville Departamento de Servicios Sociales<\/strong> 20 Progress Drive, Martinsville 24115 P.O. Box 832, Martinsville. VA 24114 ph. 276-656-4300\u00a0 Toll Free 855-635-4370<\/p>\n<p>\u2756 <strong>Franklin County Departamento de Servicios Sociales<\/strong> 120 East Court Street, Rocky Mount, VA 24151. Phone #: (540) 483-9247\u00a0 Fax (540) 483-1933<\/p>\n<p>\u2756<strong> Patrick County Departamento de Servicios Sociales<\/strong> 106 Rucker St., Suite 128 Stuart, VA 24171\u00a0 (276) 694- 3328 Fax: (276) 694-8210<\/p>\n<\/div>\n<\/div><\/div><\/div><\/div><\/div>","protected":false},"excerpt":{"rendered":"<p>WEST PIEDMONT COMMUNITY RESOURCES REV. 03.31.26 Your Local Health Department Services:\u00a0 WIC, Immunizations, Family Planning, Baby Care, HIV testing, STD (Sexually Transmitted Disease) Clinic, Environmental Health, TB testing &amp; Vital Records. Henry-Martinsville 276-638-2311\u00a0 \u00a0 \u00a0 Franklin County 540-484-0292\u00a0 \u00a0 \u00a0 \u00a0Patrick County 276-693-2070 &nbsp; 211 Virginia is a free, confidential, and accessible service that connects [&hellip;]<\/p>\n","protected":false},"author":666,"featured_media":0,"parent":0,"menu_order":0,"comment_status":"closed","ping_status":"closed","template":"","meta":{"_lmt_disableupdate":"no","_lmt_disable":"","footnotes":""},"tags":[],"class_list":["post-4736","page","type-page","status-publish","hentry"],"yoast_head":"<!-- This site is optimized with the Yoast SEO plugin v27.3 - https:\/\/yoast.com\/product\/yoast-seo-wordpress\/ -->\n<title>Community Resources - West Piedmont<\/title>\n<meta name=\"robots\" content=\"index, follow, max-snippet:-1, max-image-preview:large, max-video-preview:-1\" \/>\n<link rel=\"canonical\" href=\"https:\/\/www.vdh.virginia.gov\/west-piedmont\/resources\/\" \/>\n<meta property=\"og:locale\" content=\"en_US\" \/>\n<meta property=\"og:type\" content=\"article\" \/>\n<meta property=\"og:title\" content=\"Community Resources - West Piedmont\" \/>\n<meta property=\"og:description\" content=\"WEST PIEDMONT COMMUNITY RESOURCES REV. 03.31.26 Your Local Health Department Services:\u00a0 WIC, Immunizations, Family Planning, Baby Care, HIV testing, STD (Sexually Transmitted Disease) Clinic, Environmental Health, TB testing &amp; Vital Records. Henry-Martinsville 276-638-2311\u00a0 \u00a0 \u00a0 Franklin County 540-484-0292\u00a0 \u00a0 \u00a0 \u00a0Patrick County 276-693-2070 &nbsp; 211 Virginia is a free, confidential, and accessible service that connects [&hellip;]\" \/>\n<meta property=\"og:url\" content=\"https:\/\/www.vdh.virginia.gov\/west-piedmont\/resources\/\" \/>\n<meta property=\"og:site_name\" content=\"West Piedmont\" \/>\n<meta property=\"article:publisher\" content=\"https:\/\/www.facebook.com\/WestPiedmontHealthDistrict\" \/>\n<meta property=\"article:modified_time\" content=\"2026-03-31T15:59:41+00:00\" \/>\n<meta name=\"twitter:card\" content=\"summary_large_image\" \/>\n<meta name=\"twitter:label1\" content=\"Est. reading time\" \/>\n\t<meta name=\"twitter:data1\" content=\"2 minutes\" \/>\n<script type=\"application\/ld+json\" class=\"yoast-schema-graph\">{\"@context\":\"https:\\\/\\\/schema.org\",\"@graph\":[{\"@type\":\"WebPage\",\"@id\":\"https:\\\/\\\/www.vdh.virginia.gov\\\/west-piedmont\\\/resources\\\/\",\"url\":\"https:\\\/\\\/www.vdh.virginia.gov\\\/west-piedmont\\\/resources\\\/\",\"name\":\"Community Resources - West Piedmont\",\"isPartOf\":{\"@id\":\"https:\\\/\\\/www.vdh.virginia.gov\\\/west-piedmont\\\/#website\"},\"datePublished\":\"2024-09-23T19:09:56+00:00\",\"dateModified\":\"2026-03-31T15:59:41+00:00\",\"breadcrumb\":{\"@id\":\"https:\\\/\\\/www.vdh.virginia.gov\\\/west-piedmont\\\/resources\\\/#breadcrumb\"},\"inLanguage\":\"en-US\",\"potentialAction\":[{\"@type\":\"ReadAction\",\"target\":[\"https:\\\/\\\/www.vdh.virginia.gov\\\/west-piedmont\\\/resources\\\/\"]}]},{\"@type\":\"BreadcrumbList\",\"@id\":\"https:\\\/\\\/www.vdh.virginia.gov\\\/west-piedmont\\\/resources\\\/#breadcrumb\",\"itemListElement\":[{\"@type\":\"ListItem\",\"position\":1,\"name\":\"Home\",\"item\":\"https:\\\/\\\/www.vdh.virginia.gov\\\/west-piedmont\\\/\"},{\"@type\":\"ListItem\",\"position\":2,\"name\":\"Community Resources\"}]},{\"@type\":\"WebSite\",\"@id\":\"https:\\\/\\\/www.vdh.virginia.gov\\\/west-piedmont\\\/#website\",\"url\":\"https:\\\/\\\/www.vdh.virginia.gov\\\/west-piedmont\\\/\",\"name\":\"West Piedmont\",\"description\":\"\",\"potentialAction\":[{\"@type\":\"SearchAction\",\"target\":{\"@type\":\"EntryPoint\",\"urlTemplate\":\"https:\\\/\\\/www.vdh.virginia.gov\\\/west-piedmont\\\/?s={search_term_string}\"},\"query-input\":{\"@type\":\"PropertyValueSpecification\",\"valueRequired\":true,\"valueName\":\"search_term_string\"}}],\"inLanguage\":\"en-US\"}]}<\/script>\n<!-- \/ Yoast SEO plugin. -->","yoast_head_json":{"title":"Community Resources - West Piedmont","robots":{"index":"index","follow":"follow","max-snippet":"max-snippet:-1","max-image-preview":"max-image-preview:large","max-video-preview":"max-video-preview:-1"},"canonical":"https:\/\/www.vdh.virginia.gov\/west-piedmont\/resources\/","og_locale":"en_US","og_type":"article","og_title":"Community Resources - West Piedmont","og_description":"WEST PIEDMONT COMMUNITY RESOURCES REV. 03.31.26 Your Local Health Department Services:\u00a0 WIC, Immunizations, Family Planning, Baby Care, HIV testing, STD (Sexually Transmitted Disease) Clinic, Environmental Health, TB testing &amp; Vital Records. Henry-Martinsville 276-638-2311\u00a0 \u00a0 \u00a0 Franklin County 540-484-0292\u00a0 \u00a0 \u00a0 \u00a0Patrick County 276-693-2070 &nbsp; 211 Virginia is a free, confidential, and accessible service that connects [&hellip;]","og_url":"https:\/\/www.vdh.virginia.gov\/west-piedmont\/resources\/","og_site_name":"West Piedmont","article_publisher":"https:\/\/www.facebook.com\/WestPiedmontHealthDistrict","article_modified_time":"2026-03-31T15:59:41+00:00","twitter_card":"summary_large_image","twitter_misc":{"Est. reading time":"2 minutes"},"schema":{"@context":"https:\/\/schema.org","@graph":[{"@type":"WebPage","@id":"https:\/\/www.vdh.virginia.gov\/west-piedmont\/resources\/","url":"https:\/\/www.vdh.virginia.gov\/west-piedmont\/resources\/","name":"Community Resources - West Piedmont","isPartOf":{"@id":"https:\/\/www.vdh.virginia.gov\/west-piedmont\/#website"},"datePublished":"2024-09-23T19:09:56+00:00","dateModified":"2026-03-31T15:59:41+00:00","breadcrumb":{"@id":"https:\/\/www.vdh.virginia.gov\/west-piedmont\/resources\/#breadcrumb"},"inLanguage":"en-US","potentialAction":[{"@type":"ReadAction","target":["https:\/\/www.vdh.virginia.gov\/west-piedmont\/resources\/"]}]},{"@type":"BreadcrumbList","@id":"https:\/\/www.vdh.virginia.gov\/west-piedmont\/resources\/#breadcrumb","itemListElement":[{"@type":"ListItem","position":1,"name":"Home","item":"https:\/\/www.vdh.virginia.gov\/west-piedmont\/"},{"@type":"ListItem","position":2,"name":"Community Resources"}]},{"@type":"WebSite","@id":"https:\/\/www.vdh.virginia.gov\/west-piedmont\/#website","url":"https:\/\/www.vdh.virginia.gov\/west-piedmont\/","name":"West Piedmont","description":"","potentialAction":[{"@type":"SearchAction","target":{"@type":"EntryPoint","urlTemplate":"https:\/\/www.vdh.virginia.gov\/west-piedmont\/?s={search_term_string}"},"query-input":{"@type":"PropertyValueSpecification","valueRequired":true,"valueName":"search_term_string"}}],"inLanguage":"en-US"}]}},"_links":{"self":[{"href":"https:\/\/www.vdh.virginia.gov\/west-piedmont\/wp-json\/wp\/v2\/pages\/4736","targetHints":{"allow":["GET"]}}],"collection":[{"href":"https:\/\/www.vdh.virginia.gov\/west-piedmont\/wp-json\/wp\/v2\/pages"}],"about":[{"href":"https:\/\/www.vdh.virginia.gov\/west-piedmont\/wp-json\/wp\/v2\/types\/page"}],"author":[{"embeddable":true,"href":"https:\/\/www.vdh.virginia.gov\/west-piedmont\/wp-json\/wp\/v2\/users\/666"}],"replies":[{"embeddable":true,"href":"https:\/\/www.vdh.virginia.gov\/west-piedmont\/wp-json\/wp\/v2\/comments?post=4736"}],"version-history":[{"count":19,"href":"https:\/\/www.vdh.virginia.gov\/west-piedmont\/wp-json\/wp\/v2\/pages\/4736\/revisions"}],"predecessor-version":[{"id":5532,"href":"https:\/\/www.vdh.virginia.gov\/west-piedmont\/wp-json\/wp\/v2\/pages\/4736\/revisions\/5532"}],"wp:attachment":[{"href":"https:\/\/www.vdh.virginia.gov\/west-piedmont\/wp-json\/wp\/v2\/media?parent=4736"}],"wp:term":[{"taxonomy":"post_tag","embeddable":true,"href":"https:\/\/www.vdh.virginia.gov\/west-piedmont\/wp-json\/wp\/v2\/tags?post=4736"}],"curies":[{"name":"wp","href":"https:\/\/api.w.org\/{rel}","templated":true}]}}