{"id":251,"date":"2018-03-05T20:37:08","date_gmt":"2018-03-05T20:37:08","guid":{"rendered":"https:\/\/www.vdh.virginia.gov\/roanoke\/?page_id=251"},"modified":"2026-02-19T14:35:06","modified_gmt":"2026-02-19T14:35:06","slug":"clinic-services","status":"publish","type":"page","link":"https:\/\/www.vdh.virginia.gov\/roanoke\/clinic-services\/","title":{"rendered":"Clinic Services"},"content":{"rendered":"<div id=\"pl-251\" class=\"panel-layout\">\n<div id=\"pg-251-0\" class=\"panel-grid panel-no-style\">\n<div id=\"pgc-251-0-0\" class=\"panel-grid-cell\" data-style=\"{&quot;background_image_attachment&quot;:false,&quot;background_display&quot;:&quot;tile&quot;,&quot;background_image_size&quot;:&quot;full&quot;,&quot;border_thickness&quot;:&quot;1px&quot;,&quot;vertical_alignment&quot;:&quot;auto&quot;}\" data-weight=\"1\">\n<div id=\"panel-251-0-0-0\" class=\"so-panel widget widget_sow-editor panel-first-child panel-last-child\" data-index=\"0\" data-style=\"{&quot;background_image_attachment&quot;:false,&quot;background_display&quot;:&quot;tile&quot;,&quot;background_image_size&quot;:&quot;full&quot;,&quot;background_image_opacity&quot;:&quot;100&quot;,&quot;border_thickness&quot;:&quot;1px&quot;}\">\n<div class=\"so-widget-sow-editor so-widget-sow-editor-base\">\n<div class=\"siteorigin-widget-tinymce textwidget\">\n<p><a href=\"#Family\"><u>Family Planning<\/u><\/a>\u00a0|\u00a0<a href=\"#Immunizations\"><u>Immunizations<\/u><\/a> |\u00a0<a href=\"#Newcomer\"><u>Newcomer Health (Refugee) Program<\/u><\/a> | <span style=\"text-decoration: underline;\"><a href=\"#Physicals\">School Physicals<\/a><\/span><br \/>\n<a href=\"#Sexually\"><u>Sexually Transmitted Infections<\/u><\/a>\u00a0| <a href=\"#Tuberculosis\"><u>Tuberculosis Management<\/u><\/a> |\u00a0<u><a href=\"#Servicios de Traducci\u00f3n\">Servicios de Traducci\u00f3n<\/a><\/u><\/p>\n<h3><strong><a id=\"#Family\"><\/a>Family Planning<\/strong><\/h3>\n<p><!DOCTYPE html>\r\n<html>\r\n<head>\r\n\t<title>HTML Button Generator<\/title>\r\n<style>\r\n\t\tbutton {\r\n\t\t\tcolor: #ffffff;\r\n\t\t\tbackground-color: #0e4c90;\r\n\t\t\tfont-size: 1.3em;\r\n\t\t\tborder-radius: 6px;\r\n\t\t\tpadding: 15px 50px;\r\n\t\t\tcursor: pointer;\r\n                      text-shadow: none;\r\n                        box-shadow: none;\r\nline-height: 1.2;\r\n\r\n\t\t}\r\n\t\tbutton:hover {\r\n\t\t\tcolor: #ffffff;\r\n\t\t\tbackground-color: #104ca5;\r\nbox-shadow: none;\r\n\t\t}\r\n\t<\/style>\r\n<\/head>\r\n<body>\r\n\t<button class=\"content-desktop\" type=\"button\" name=\"<u>Click Here to find family planning clinics in your area.<\/u>\" onclick=\"window.location.href='https:\/\/reproductivehealthservices.gov\/';\"><u>Click Here to find family planning clinics in your area.<\/u><\/button>\r\n<\/body>\r\n<\/html><\/p>\n<p>The Family Planning program provides individuals with the ability to decide if they want to have children and if so, how many and how far apart they want to space them. A broad range of effective family planning birth control methods and services are available, including contraception, gynecological exams, infertility education, natural family planning, counseling, and family planning education for adults and teens. Costs for services are based on a sliding scale and some insurance plans are accepted.<\/p>\n<table style=\"height: 71px;\" role=\"presentation\" width=\"1345\">\n<tbody>\n<tr>\n<td style=\"background-color: #0e4c90; padding-left: 20px; padding-right: 20px; text-align: center;\"><strong><span style=\"font-size: 14pt;\"><a href=\"https:\/\/www.vdh.virginia.gov\/roanoke\/family-planning\/\"><span style=\"color: #ffffff;\"><u>For More Family Planning Information Click Here<\/u><\/span><\/a><\/span><\/strong><\/td>\n<\/tr>\n<\/tbody>\n<\/table>\n<p><span style=\"font-size: 14pt;\"><strong><a id=\"Immunizations\"><\/a>Immunizations<\/strong><\/span><\/p>\n<p><img loading=\"lazy\" decoding=\"async\" class=\"wp-image-11920 alignleft\" src=\"https:\/\/www.vdh.virginia.gov\/content\/uploads\/sites\/128\/2024\/10\/Vax-Girl-flex-488x326-1-300x200.png\" alt=\"Photo of satisfied curly haired woman raises arm shows biceps wears pink t shirt denim shirt necklace adhesive bandage on shoulder after vaccination feels good and protected encourages to vaccinate\" width=\"409\" height=\"273\" srcset=\"https:\/\/www.vdh.virginia.gov\/content\/uploads\/sites\/128\/2024\/10\/Vax-Girl-flex-488x326-1-300x200.png 300w, https:\/\/www.vdh.virginia.gov\/content\/uploads\/sites\/128\/2024\/10\/Vax-Girl-flex-488x326-1-272x182.png 272w, https:\/\/www.vdh.virginia.gov\/content\/uploads\/sites\/128\/2024\/10\/Vax-Girl-flex-488x326-1.png 488w\" sizes=\"auto, (max-width: 409px) 100vw, 409px\" \/><\/p>\n<p>Many diseases that were once common are rarely seen today because of vaccines.\u00a0The immunizations program reduces the morbidity and mortality associated with 18 vaccine preventable diseases. Vaccines provide a safe way to build immunity against diseases without the risks that come with getting the actual disease.<\/p>\n<p>Vaccines are some of the most studied medical interventions in the world. The United States has many requirements that make sure vaccines are safe, effective, and high quality. Among these are extensive testing before approval and rigorous safety monitoring after approval.<\/p>\n<p>RCAHD health department locations offer all adult and childhood vaccinations, including school-required vaccinations.<\/p>\n<table style=\"height: 71px;\" role=\"presentation\" width=\"1345\">\n<tbody>\n<tr>\n<td style=\"background-color: #0e4c90; padding-left: 20px; padding-right: 20px; text-align: center;\"><strong><span style=\"font-size: 14pt;\"><a href=\"https:\/\/www.vdh.virginia.gov\/roanoke\/immunizationclinics\/\"><span style=\"color: #ffffff;\"><u>Find Local RCAHD Immunization Info Here<\/u><\/span><\/a><\/span><\/strong><\/td>\n<\/tr>\n<\/tbody>\n<\/table>\n<h3><strong><a id=\"Newcomer\"><\/a>Newcomer Health (Refugee) Program<\/strong><\/h3>\n<p>The Newcomer Health Program provides an initial health screening to newly arrived refugees and other qualified individuals, addresses health issues that may impact successful resettlement, and identifies and intervenes on diseases and conditions of public health concern. Within 45 days of their arrival, newcomers from around the world receive all necessary immunizations, a general health screening, a mental health screening and follow-up referrals for any issues identified. Clients are offered full family planning services and encouraged to establish a medical home in the area. The program works with all refugees sponsored by the refugee resettlement agency, Commonwealth Catholic Charities.<strong><br \/>\n<\/strong><\/p>\n<h3><span style=\"text-decoration: underline;\"><a href=\"https:\/\/www.vdh.virginia.gov\/roanoke\/stitesting\/\"><strong>Sexually Transmitted Infections<\/strong><\/a><\/span><\/h3>\n<p>The Sexually Transmitted Infections (STIs) program aims to prevent the spread of sexually transmitted infections through education, outreach and clinical services. STI clinics offer counseling, testing, treatment, and partner referral services for patients at risk of or currently experiencing STIs. Call your local health department for a STI screening appointment.<\/p>\n<table style=\"height: 71px;\" role=\"presentation\" width=\"1345\">\n<tbody>\n<tr>\n<td style=\"background-color: #0e4c90; padding-left: 20px; padding-right: 20px; text-align: center;\"><span style=\"text-decoration: underline;\"><a href=\"https:\/\/www.vdh.virginia.gov\/roanoke\/prep-hiv-prevention\/\" target=\"_blank\" rel=\"noopener\"><span style=\"color: #ffffff; text-decoration: underline;\"><span style=\"font-size: 18.6667px;\"><b>Learn how pre-exposure prophylaxis (PrEP) can be used to prevent HIV infections<\/b><\/span><\/span><\/a><\/span><\/td>\n<\/tr>\n<\/tbody>\n<\/table>\n<p><span style=\"font-size: 14pt;\"><strong><a id=\"Physicals\"><\/a>School Physicals<\/strong><\/span><\/p>\n<p><span class=\"relative -mx-px my-[-0.2rem] rounded px-px py-[0.2rem] transition-colors duration-100 ease-in-out\">The Roanoke City and Alleghany Health Districts offer school and sports physicals at local health departments in Alleghany\/Covington, Botetourt, Craig, and Vinton.<\/span> <span class=\"relative -mx-px my-[-0.2rem] rounded px-px py-[0.2rem] transition-colors duration-100 ease-in-out\">These services assist families in meeting Virginia&#8217;s health requirements for school enrollment and athletic participation.<\/span> <span class=\"relative -mx-px my-[-0.2rem] rounded px-px py-[0.2rem] transition-colors duration-100 ease-in-out\">Physicals are essential for identifying potential health issues, ensuring immunizations are up to date, and promoting healthy habits.<\/span> <span class=\"relative -mx-px my-[-0.2rem] rounded px-px py-[0.2rem] transition-colors duration-100 ease-in-out\">Appointments can be scheduled by contacting the respective health departments directly.<\/span><\/p>\n<table style=\"height: 71px;\" role=\"presentation\" width=\"1345\">\n<tbody>\n<tr>\n<td style=\"background-color: #0e4c90; padding-left: 20px; padding-right: 20px; text-align: center;\"><strong><span style=\"font-size: 14pt;\"><a href=\"https:\/\/www.vdh.virginia.gov\/roanoke\/clinic-services\/schoolphysicals\/\"><span style=\"color: #ffffff;\"><u>Schedule your child&#8217;s physical here<\/u><\/span><\/a><\/span><\/strong><\/td>\n<\/tr>\n<\/tbody>\n<\/table>\n<p><span style=\"font-size: 14pt;\"><strong><a id=\"Tuberculosis\"><\/a>Tuberculosis (TB) Management<\/strong><\/span><\/p>\n<p>The TB Management program aims to control, prevent and eliminate tuberculosis in the community. The program offers free and confidential TB risk assessment screenings on Mondays by appointment only. For those diagnosed with TB or a Latent TB Infection, the TB team collaborates with a patient\u2019s medical provider to provide tuberculosis case management to include the provision of medication and care coordination. In addition, the TB team assists with identifying associated cases, the testing of contacts, transportation for CXRs and home visits to deliver medication to perform Directly Observed Therapy (DOT) and Directly Observed Preventative Therapy (DOPT).<\/p>\n<p><span style=\"font-size: 14pt;\"><strong><a id=\"Servicios de Traducci\u00f3n\"><\/a>Servicios de Traducci\u00f3n<br \/>\n<\/strong><\/span><br \/>\nAtenci\u00f3n: Si habla o lee espa\u00f1ol, usted tiene a su disposici\u00f3n servicios ling\u00fc\u00edsticos gratuitos. Llame a nuestra l\u00ednea de mensajes en espa\u00f1ol al 540-204-9998.<\/p>\n<\/div>\n<\/div>\n<\/div>\n<\/div>\n<\/div>\n<div id=\"pg-251-1\" class=\"panel-grid panel-has-style\" data-style=\"{&quot;padding&quot;:&quot;0px 0px 0px 0px&quot;,&quot;background_image_attachment&quot;:false,&quot;background_display&quot;:&quot;tile&quot;,&quot;background_image_size&quot;:&quot;full&quot;,&quot;border_thickness&quot;:&quot;1px&quot;,&quot;full_height&quot;:&quot;&quot;,&quot;row_stretch&quot;:&quot;full&quot;,&quot;cell_alignment&quot;:&quot;flex-start&quot;}\">\n<div class=\"siteorigin-panels-stretch panel-row-style panel-row-style-for-251-1\" data-stretch-type=\"full\">\n<div id=\"pgc-251-1-0\" class=\"panel-grid-cell\" data-weight=\"1\">\n<div id=\"panel-251-1-0-0\" class=\"so-panel widget widget_sow-editor panel-first-child panel-last-child\" data-index=\"1\" data-style=\"{&quot;widget_css&quot;:&quot;align: center;&quot;,&quot;background_image_attachment&quot;:false,&quot;background_display&quot;:&quot;tile&quot;,&quot;background_image_size&quot;:&quot;full&quot;,&quot;border_thickness&quot;:&quot;1px&quot;,&quot;margin&quot;:&quot;0px 0px 0px 0px&quot;}\">\n<div class=\"panel-widget-style panel-widget-style-for-251-1-0-0\">\n<div class=\"so-widget-sow-editor so-widget-sow-editor-base\">\n<div class=\"siteorigin-widget-tinymce textwidget\">\n<table style=\"height: 71px;\" role=\"presentation\" width=\"1345\">\n<tbody>\n<tr>\n<td style=\"background-color: #0e4c90; padding-left: 20px; padding-right: 20px; text-align: center;\">\n<h2 style=\"text-align: center; line-height: 1.5;\"><span style=\"font-size: 22pt; color: #ffffff;\">Contact us for more information about clinic services at<br \/>\n<span style=\"font-size: 36pt;\">(540) 283-5050<\/span><\/span><\/h2>\n<\/td>\n<\/tr>\n<\/tbody>\n<\/table>\n<\/div>\n<\/div>\n<\/div>\n<\/div>\n<\/div>\n<\/div>\n<\/div>\n<\/div>\n","protected":false},"excerpt":{"rendered":"<p>Family Planning\u00a0|\u00a0Immunizations |\u00a0Newcomer Health (Refugee) Program | School Physicals Sexually Transmitted Infections\u00a0| Tuberculosis Management |\u00a0Servicios de Traducci\u00f3n Family Planning HTML Button Generator Click Here to find family planning clinics in your area. The Family Planning program provides individuals with the ability to decide if they want to have children and if so, how many and [&hellip;]<\/p>\n","protected":false},"author":502,"featured_media":0,"parent":0,"menu_order":0,"comment_status":"closed","ping_status":"closed","template":"","meta":{"_lmt_disableupdate":"no","_lmt_disable":"","footnotes":""},"tags":[],"class_list":["post-251","page","type-page","status-publish","hentry"],"yoast_head":"<!-- This site is optimized with the Yoast SEO plugin v27.3 - https:\/\/yoast.com\/product\/yoast-seo-wordpress\/ -->\n<title>Clinic Services - Roanoke Health District<\/title>\n<meta name=\"robots\" content=\"index, follow, max-snippet:-1, max-image-preview:large, max-video-preview:-1\" \/>\n<link rel=\"canonical\" href=\"https:\/\/www.vdh.virginia.gov\/roanoke\/clinic-services\/\" \/>\n<meta property=\"og:locale\" content=\"en_US\" \/>\n<meta property=\"og:type\" content=\"article\" \/>\n<meta property=\"og:title\" content=\"Clinic Services - Roanoke Health District\" \/>\n<meta property=\"og:description\" content=\"Family Planning\u00a0|\u00a0Immunizations |\u00a0Newcomer Health (Refugee) Program | School Physicals Sexually Transmitted Infections\u00a0| Tuberculosis Management |\u00a0Servicios de Traducci\u00f3n Family Planning HTML Button Generator Click Here to find family planning clinics in your area. The Family Planning program provides individuals with the ability to decide if they want to have children and if so, how many and [&hellip;]\" \/>\n<meta property=\"og:url\" content=\"https:\/\/www.vdh.virginia.gov\/roanoke\/clinic-services\/\" \/>\n<meta property=\"og:site_name\" content=\"Roanoke Health District\" \/>\n<meta property=\"article:publisher\" content=\"https:\/\/www.facebook.com\/RoanokeCityAlleghanyHealthDistricts\" \/>\n<meta property=\"article:modified_time\" content=\"2026-02-19T14:35:06+00:00\" \/>\n<meta property=\"og:image\" content=\"https:\/\/www.vdh.virginia.gov\/content\/uploads\/sites\/128\/2024\/10\/Vax-Girl-flex-488x326-1.png\" \/>\n\t<meta property=\"og:image:width\" content=\"488\" \/>\n\t<meta property=\"og:image:height\" content=\"326\" \/>\n\t<meta property=\"og:image:type\" content=\"image\/png\" \/>\n<meta name=\"twitter:card\" content=\"summary_large_image\" \/>\n<meta name=\"twitter:label1\" content=\"Est. reading time\" \/>\n\t<meta name=\"twitter:data1\" content=\"3 minutes\" \/>\n<script type=\"application\/ld+json\" class=\"yoast-schema-graph\">{\"@context\":\"https:\\\/\\\/schema.org\",\"@graph\":[{\"@type\":\"WebPage\",\"@id\":\"https:\\\/\\\/www.vdh.virginia.gov\\\/roanoke\\\/clinic-services\\\/\",\"url\":\"https:\\\/\\\/www.vdh.virginia.gov\\\/roanoke\\\/clinic-services\\\/\",\"name\":\"Clinic Services - Roanoke Health District\",\"isPartOf\":{\"@id\":\"https:\\\/\\\/www.vdh.virginia.gov\\\/roanoke\\\/#website\"},\"primaryImageOfPage\":{\"@id\":\"https:\\\/\\\/www.vdh.virginia.gov\\\/roanoke\\\/clinic-services\\\/#primaryimage\"},\"image\":{\"@id\":\"https:\\\/\\\/www.vdh.virginia.gov\\\/roanoke\\\/clinic-services\\\/#primaryimage\"},\"thumbnailUrl\":\"https:\\\/\\\/www.vdh.virginia.gov\\\/content\\\/uploads\\\/sites\\\/128\\\/2024\\\/10\\\/Vax-Girl-flex-488x326-1-300x200.png\",\"datePublished\":\"2018-03-05T20:37:08+00:00\",\"dateModified\":\"2026-02-19T14:35:06+00:00\",\"breadcrumb\":{\"@id\":\"https:\\\/\\\/www.vdh.virginia.gov\\\/roanoke\\\/clinic-services\\\/#breadcrumb\"},\"inLanguage\":\"en-US\",\"potentialAction\":[{\"@type\":\"ReadAction\",\"target\":[\"https:\\\/\\\/www.vdh.virginia.gov\\\/roanoke\\\/clinic-services\\\/\"]}]},{\"@type\":\"ImageObject\",\"inLanguage\":\"en-US\",\"@id\":\"https:\\\/\\\/www.vdh.virginia.gov\\\/roanoke\\\/clinic-services\\\/#primaryimage\",\"url\":\"https:\\\/\\\/www.vdh.virginia.gov\\\/content\\\/uploads\\\/sites\\\/128\\\/2024\\\/10\\\/Vax-Girl-flex-488x326-1-300x200.png\",\"contentUrl\":\"https:\\\/\\\/www.vdh.virginia.gov\\\/content\\\/uploads\\\/sites\\\/128\\\/2024\\\/10\\\/Vax-Girl-flex-488x326-1-300x200.png\"},{\"@type\":\"BreadcrumbList\",\"@id\":\"https:\\\/\\\/www.vdh.virginia.gov\\\/roanoke\\\/clinic-services\\\/#breadcrumb\",\"itemListElement\":[{\"@type\":\"ListItem\",\"position\":1,\"name\":\"Home\",\"item\":\"https:\\\/\\\/www.vdh.virginia.gov\\\/roanoke\\\/\"},{\"@type\":\"ListItem\",\"position\":2,\"name\":\"Clinic Services\"}]},{\"@type\":\"WebSite\",\"@id\":\"https:\\\/\\\/www.vdh.virginia.gov\\\/roanoke\\\/#website\",\"url\":\"https:\\\/\\\/www.vdh.virginia.gov\\\/roanoke\\\/\",\"name\":\"Roanoke Health District\",\"description\":\"Just another Virginia Department of Health site\",\"publisher\":{\"@id\":\"https:\\\/\\\/www.vdh.virginia.gov\\\/roanoke\\\/#organization\"},\"potentialAction\":[{\"@type\":\"SearchAction\",\"target\":{\"@type\":\"EntryPoint\",\"urlTemplate\":\"https:\\\/\\\/www.vdh.virginia.gov\\\/roanoke\\\/?s={search_term_string}\"},\"query-input\":{\"@type\":\"PropertyValueSpecification\",\"valueRequired\":true,\"valueName\":\"search_term_string\"}}],\"inLanguage\":\"en-US\"},{\"@type\":\"Organization\",\"@id\":\"https:\\\/\\\/www.vdh.virginia.gov\\\/roanoke\\\/#organization\",\"name\":\"Roanoke Health District\",\"url\":\"https:\\\/\\\/www.vdh.virginia.gov\\\/roanoke\\\/\",\"logo\":{\"@type\":\"ImageObject\",\"inLanguage\":\"en-US\",\"@id\":\"https:\\\/\\\/www.vdh.virginia.gov\\\/roanoke\\\/#\\\/schema\\\/logo\\\/image\\\/\",\"url\":\"https:\\\/\\\/www.vdh.virginia.gov\\\/content\\\/uploads\\\/sites\\\/128\\\/2022\\\/08\\\/RCAHlogo_original_color_web.png\",\"contentUrl\":\"https:\\\/\\\/www.vdh.virginia.gov\\\/content\\\/uploads\\\/sites\\\/128\\\/2022\\\/08\\\/RCAHlogo_original_color_web.png\",\"width\":455,\"height\":213,\"caption\":\"Roanoke Health District\"},\"image\":{\"@id\":\"https:\\\/\\\/www.vdh.virginia.gov\\\/roanoke\\\/#\\\/schema\\\/logo\\\/image\\\/\"},\"sameAs\":[\"https:\\\/\\\/www.facebook.com\\\/RoanokeCityAlleghanyHealthDistricts\"]}]}<\/script>\n<!-- \/ Yoast SEO plugin. -->","yoast_head_json":{"title":"Clinic Services - Roanoke Health District","robots":{"index":"index","follow":"follow","max-snippet":"max-snippet:-1","max-image-preview":"max-image-preview:large","max-video-preview":"max-video-preview:-1"},"canonical":"https:\/\/www.vdh.virginia.gov\/roanoke\/clinic-services\/","og_locale":"en_US","og_type":"article","og_title":"Clinic Services - Roanoke Health District","og_description":"Family Planning\u00a0|\u00a0Immunizations |\u00a0Newcomer Health (Refugee) Program | School Physicals Sexually Transmitted Infections\u00a0| Tuberculosis Management |\u00a0Servicios de Traducci\u00f3n Family Planning HTML Button Generator Click Here to find family planning clinics in your area. The Family Planning program provides individuals with the ability to decide if they want to have children and if so, how many and [&hellip;]","og_url":"https:\/\/www.vdh.virginia.gov\/roanoke\/clinic-services\/","og_site_name":"Roanoke Health District","article_publisher":"https:\/\/www.facebook.com\/RoanokeCityAlleghanyHealthDistricts","article_modified_time":"2026-02-19T14:35:06+00:00","og_image":[{"width":488,"height":326,"url":"https:\/\/www.vdh.virginia.gov\/content\/uploads\/sites\/128\/2024\/10\/Vax-Girl-flex-488x326-1.png","type":"image\/png"}],"twitter_card":"summary_large_image","twitter_misc":{"Est. reading time":"3 minutes"},"schema":{"@context":"https:\/\/schema.org","@graph":[{"@type":"WebPage","@id":"https:\/\/www.vdh.virginia.gov\/roanoke\/clinic-services\/","url":"https:\/\/www.vdh.virginia.gov\/roanoke\/clinic-services\/","name":"Clinic Services - Roanoke Health District","isPartOf":{"@id":"https:\/\/www.vdh.virginia.gov\/roanoke\/#website"},"primaryImageOfPage":{"@id":"https:\/\/www.vdh.virginia.gov\/roanoke\/clinic-services\/#primaryimage"},"image":{"@id":"https:\/\/www.vdh.virginia.gov\/roanoke\/clinic-services\/#primaryimage"},"thumbnailUrl":"https:\/\/www.vdh.virginia.gov\/content\/uploads\/sites\/128\/2024\/10\/Vax-Girl-flex-488x326-1-300x200.png","datePublished":"2018-03-05T20:37:08+00:00","dateModified":"2026-02-19T14:35:06+00:00","breadcrumb":{"@id":"https:\/\/www.vdh.virginia.gov\/roanoke\/clinic-services\/#breadcrumb"},"inLanguage":"en-US","potentialAction":[{"@type":"ReadAction","target":["https:\/\/www.vdh.virginia.gov\/roanoke\/clinic-services\/"]}]},{"@type":"ImageObject","inLanguage":"en-US","@id":"https:\/\/www.vdh.virginia.gov\/roanoke\/clinic-services\/#primaryimage","url":"https:\/\/www.vdh.virginia.gov\/content\/uploads\/sites\/128\/2024\/10\/Vax-Girl-flex-488x326-1-300x200.png","contentUrl":"https:\/\/www.vdh.virginia.gov\/content\/uploads\/sites\/128\/2024\/10\/Vax-Girl-flex-488x326-1-300x200.png"},{"@type":"BreadcrumbList","@id":"https:\/\/www.vdh.virginia.gov\/roanoke\/clinic-services\/#breadcrumb","itemListElement":[{"@type":"ListItem","position":1,"name":"Home","item":"https:\/\/www.vdh.virginia.gov\/roanoke\/"},{"@type":"ListItem","position":2,"name":"Clinic Services"}]},{"@type":"WebSite","@id":"https:\/\/www.vdh.virginia.gov\/roanoke\/#website","url":"https:\/\/www.vdh.virginia.gov\/roanoke\/","name":"Roanoke Health District","description":"Just another Virginia Department of Health site","publisher":{"@id":"https:\/\/www.vdh.virginia.gov\/roanoke\/#organization"},"potentialAction":[{"@type":"SearchAction","target":{"@type":"EntryPoint","urlTemplate":"https:\/\/www.vdh.virginia.gov\/roanoke\/?s={search_term_string}"},"query-input":{"@type":"PropertyValueSpecification","valueRequired":true,"valueName":"search_term_string"}}],"inLanguage":"en-US"},{"@type":"Organization","@id":"https:\/\/www.vdh.virginia.gov\/roanoke\/#organization","name":"Roanoke Health District","url":"https:\/\/www.vdh.virginia.gov\/roanoke\/","logo":{"@type":"ImageObject","inLanguage":"en-US","@id":"https:\/\/www.vdh.virginia.gov\/roanoke\/#\/schema\/logo\/image\/","url":"https:\/\/www.vdh.virginia.gov\/content\/uploads\/sites\/128\/2022\/08\/RCAHlogo_original_color_web.png","contentUrl":"https:\/\/www.vdh.virginia.gov\/content\/uploads\/sites\/128\/2022\/08\/RCAHlogo_original_color_web.png","width":455,"height":213,"caption":"Roanoke Health District"},"image":{"@id":"https:\/\/www.vdh.virginia.gov\/roanoke\/#\/schema\/logo\/image\/"},"sameAs":["https:\/\/www.facebook.com\/RoanokeCityAlleghanyHealthDistricts"]}]}},"_links":{"self":[{"href":"https:\/\/www.vdh.virginia.gov\/roanoke\/wp-json\/wp\/v2\/pages\/251","targetHints":{"allow":["GET"]}}],"collection":[{"href":"https:\/\/www.vdh.virginia.gov\/roanoke\/wp-json\/wp\/v2\/pages"}],"about":[{"href":"https:\/\/www.vdh.virginia.gov\/roanoke\/wp-json\/wp\/v2\/types\/page"}],"author":[{"embeddable":true,"href":"https:\/\/www.vdh.virginia.gov\/roanoke\/wp-json\/wp\/v2\/users\/502"}],"replies":[{"embeddable":true,"href":"https:\/\/www.vdh.virginia.gov\/roanoke\/wp-json\/wp\/v2\/comments?post=251"}],"version-history":[{"count":21,"href":"https:\/\/www.vdh.virginia.gov\/roanoke\/wp-json\/wp\/v2\/pages\/251\/revisions"}],"predecessor-version":[{"id":13639,"href":"https:\/\/www.vdh.virginia.gov\/roanoke\/wp-json\/wp\/v2\/pages\/251\/revisions\/13639"}],"wp:attachment":[{"href":"https:\/\/www.vdh.virginia.gov\/roanoke\/wp-json\/wp\/v2\/media?parent=251"}],"wp:term":[{"taxonomy":"post_tag","embeddable":true,"href":"https:\/\/www.vdh.virginia.gov\/roanoke\/wp-json\/wp\/v2\/tags?post=251"}],"curies":[{"name":"wp","href":"https:\/\/api.w.org\/{rel}","templated":true}]}}