{"id":2,"date":"2016-10-28T17:19:25","date_gmt":"2016-10-28T17:19:25","guid":{"rendered":"https:\/\/www.vdh.virginia.gov\/richmond-city\/?page_id=2"},"modified":"2026-03-24T08:06:30","modified_gmt":"2026-03-24T12:06:30","slug":"sample-page","status":"publish","type":"page","link":"https:\/\/www.vdh.virginia.gov\/richmond-city\/","title":{"rendered":"Richmond City Health District"},"content":{"rendered":"<div id=\"pl-2\"  class=\"panel-layout\" ><div id=\"pg-2-0\"  class=\"panel-grid panel-has-style\" ><div class=\"panel-row-style panel-row-style-for-2-0\" ><div id=\"pgc-2-0-0\"  class=\"panel-grid-cell\" ><div id=\"panel-2-0-0-0\" class=\"so-panel widget widget_sow-editor panel-first-child panel-last-child\" data-index=\"0\" ><div\n\t\t\t\n\t\t\tclass=\"so-widget-sow-editor so-widget-sow-editor-base\"\n\t\t\t\n\t\t>\n<div class=\"siteorigin-widget-tinymce textwidget\">\n\t<p id=\"language-switcher\" style=\"text-align: left;\"><span style=\"font-size: 14pt;\"><span style=\"text-decoration: underline;\"><strong><span style=\"color: #00a6a6; text-decoration: underline;\"><a href=\"https:\/\/www.vdh.virginia.gov\/richmond-city\/espanol\/\">ESPA\u00d1OL<\/a><\/span><\/strong><\/span><\/span><\/p>\n<\/div>\n<\/div><\/div><\/div><\/div><\/div><div id=\"pg-2-1\"  class=\"panel-grid panel-has-style\" ><div class=\"so-rounded panel-row-style panel-row-style-for-2-1\" ><div id=\"pgc-2-1-0\"  class=\"panel-grid-cell\" ><div id=\"panel-2-1-0-0\" class=\"so-panel widget widget_sow-editor panel-first-child\" data-index=\"1\" ><div class=\"panel-widget-style panel-widget-style-for-2-1-0-0\" ><div\n\t\t\t\n\t\t\tclass=\"so-widget-sow-editor so-widget-sow-editor-base\"\n\t\t\t\n\t\t>\n<div class=\"siteorigin-widget-tinymce textwidget\">\n\t<h1 class=\"p1\"><span style=\"color: #ffffff;\"><span style=\"font-size: 48px;\">Find vaccines for <span style=\"text-decoration: underline;\"><a href=\"https:\/\/www.vdh.virginia.gov\/richmond-city\/childhood-immunization\/\">children<\/a><\/span> <\/span><\/span><span style=\"color: #ffffff;\"><span style=\"font-size: 48px;\">and <span style=\"text-decoration: underline;\"><a href=\"https:\/\/www.vdh.virginia.gov\/richmond-city\/immunization-program\/\">adults<\/a><\/span>.<\/span><\/span><\/h1>\n<\/div>\n<\/div><\/div><\/div><div id=\"panel-2-1-0-1\" class=\"so-panel widget widget_sow-editor panel-last-child\" data-index=\"2\" ><div class=\"panel-widget-style panel-widget-style-for-2-1-0-1\" ><div\n\t\t\t\n\t\t\tclass=\"so-widget-sow-editor so-widget-sow-editor-base\"\n\t\t\t\n\t\t>\n<div class=\"siteorigin-widget-tinymce textwidget\">\n\t<p><span style=\"font-size: 14pt;\"><strong>Language translations and TTY services are available at 1-877-VAX-IN-VA (1-877-829-4682), 8 a.m.-5 p.m. Monday-Friday<\/strong><\/span><br \/>\n<span style=\"font-size: 14pt;\"><strong><em>Servicios de traducci\u00f3n y tel\u00e9fonos de texto (TTY) est\u00e1n disponibles: 1-877-VAX-IN-VA (1-877-829-4682), 8 a.m.-5 p.m. lunes a viernes.\u00a0<\/em><\/strong><\/span><\/p>\n<p><span style=\"font-size: 14pt;\"><span style=\"font-weight: 900;\"><strong>Questions?\u00a0<\/strong><\/span><strong>Call the RHHD Call Center:\u00a0<span class=\"TextRun SCXW219478616 BCX0\" lang=\"EN-US\" xml:lang=\"EN-US\" data-contrast=\"none\"><span class=\"NormalTextRun SCXW219478616 BCX0\">804-205-3500<\/span><\/span><\/strong><\/span><\/p>\n<\/div>\n<\/div><\/div><\/div><\/div><\/div><\/div><div id=\"pg-2-2\"  class=\"panel-grid panel-has-style\" ><div class=\"panel-row-style panel-row-style-for-2-2\" ><div id=\"pgc-2-2-0\"  class=\"panel-grid-cell\" ><div class=\"panel-cell-style panel-cell-style-for-2-2-0\" ><div id=\"panel-2-2-0-0\" class=\"so-panel widget widget_sow-editor panel-first-child\" data-index=\"3\" ><div class=\"panel-widget-style panel-widget-style-for-2-2-0-0\" ><div\n\t\t\t\n\t\t\tclass=\"so-widget-sow-editor so-widget-sow-editor-base\"\n\t\t\t\n\t\t>\n<div class=\"siteorigin-widget-tinymce textwidget\">\n\t<h2><a href=\"https:\/\/www.vdh.virginia.gov\/richmond-city\/press-releases\/\"><strong><span style=\"color: #00a6a6;\">Press Releases<\/span><\/strong><\/a><\/h2>\n<\/div>\n<\/div><\/div><\/div><div id=\"panel-2-2-0-1\" class=\"so-panel widget widget_sow-editor\" data-index=\"4\" ><div\n\t\t\t\n\t\t\tclass=\"so-widget-sow-editor so-widget-sow-editor-base\"\n\t\t\t\n\t\t>\n<div class=\"siteorigin-widget-tinymce textwidget\">\n\t<blockquote class=\"wp-embedded-content\" data-secret=\"K3b8u11nQ8\"><p><a href=\"https:\/\/www.vdh.virginia.gov\/richmond-city\/2026\/03\/24\/news-release-rhhd-recognizes-world-tb-day-2026\/\">News Release: RHHD Recognizes World TB Day 2026<\/a><\/p><\/blockquote>\n<p><iframe loading=\"lazy\" class=\"wp-embedded-content\" sandbox=\"allow-scripts\" security=\"restricted\" style=\"position: absolute; visibility: hidden;\" title=\"&#8220;News Release: RHHD Recognizes World TB Day 2026&#8221; &#8212; Richmond City Health Department\" src=\"https:\/\/www.vdh.virginia.gov\/richmond-city\/2026\/03\/24\/news-release-rhhd-recognizes-world-tb-day-2026\/embed\/#?secret=qkw5AKk3WW#?secret=K3b8u11nQ8\" data-secret=\"K3b8u11nQ8\" width=\"600\" height=\"338\" frameborder=\"0\" marginwidth=\"0\" marginheight=\"0\" scrolling=\"no\"><\/iframe><\/p>\n<\/div>\n<\/div><\/div><div id=\"panel-2-2-0-2\" class=\"so-panel widget widget_sow-editor\" data-index=\"5\" ><div\n\t\t\t\n\t\t\tclass=\"so-widget-sow-editor so-widget-sow-editor-base\"\n\t\t\t\n\t\t>\n<div class=\"siteorigin-widget-tinymce textwidget\">\n\t<blockquote class=\"wp-embedded-content\" data-secret=\"avAoTMq0OE\"><p><a href=\"https:\/\/www.vdh.virginia.gov\/richmond-city\/2026\/03\/19\/23839\/\">RHHD Encourages Parents and Guardians to Schedule Primary Care Appointments Before Summer<\/a><\/p><\/blockquote>\n<p><iframe loading=\"lazy\" class=\"wp-embedded-content\" sandbox=\"allow-scripts\" security=\"restricted\" style=\"position: absolute; visibility: hidden;\" title=\"&#8220;RHHD Encourages Parents and Guardians to Schedule Primary Care Appointments Before Summer&#8221; &#8212; Richmond City Health Department\" src=\"https:\/\/www.vdh.virginia.gov\/richmond-city\/2026\/03\/19\/23839\/embed\/#?secret=4ysV9xNgmD#?secret=avAoTMq0OE\" data-secret=\"avAoTMq0OE\" width=\"600\" height=\"338\" frameborder=\"0\" marginwidth=\"0\" marginheight=\"0\" scrolling=\"no\"><\/iframe><\/p>\n<\/div>\n<\/div><\/div><div id=\"panel-2-2-0-3\" class=\"so-panel widget widget_sow-editor\" data-index=\"6\" ><div\n\t\t\t\n\t\t\tclass=\"so-widget-sow-editor so-widget-sow-editor-base\"\n\t\t\t\n\t\t>\n<div class=\"siteorigin-widget-tinymce textwidget\">\n\t<blockquote class=\"wp-embedded-content\" data-secret=\"qoaK86MuEI\"><p><a href=\"https:\/\/www.vdh.virginia.gov\/richmond-city\/2026\/03\/06\/rhhd-highlights-womens-health-services-for-international-womens-day-2026\/\">RHHD Highlights Women\u2019s Health Services for International Women&#8217;s Day 2026<\/a><\/p><\/blockquote>\n<p><iframe loading=\"lazy\" class=\"wp-embedded-content\" sandbox=\"allow-scripts\" security=\"restricted\" style=\"position: absolute; visibility: hidden;\" title=\"&#8220;RHHD Highlights Women\u2019s Health Services for International Women&#8217;s Day 2026&#8221; &#8212; Richmond City Health Department\" src=\"https:\/\/www.vdh.virginia.gov\/richmond-city\/2026\/03\/06\/rhhd-highlights-womens-health-services-for-international-womens-day-2026\/embed\/#?secret=7dPnFzf4Hu#?secret=qoaK86MuEI\" data-secret=\"qoaK86MuEI\" width=\"600\" height=\"338\" frameborder=\"0\" marginwidth=\"0\" marginheight=\"0\" scrolling=\"no\"><\/iframe><\/p>\n<\/div>\n<\/div><\/div><div id=\"panel-2-2-0-4\" class=\"so-panel widget widget_sow-editor\" data-index=\"7\" ><div\n\t\t\t\n\t\t\tclass=\"so-widget-sow-editor so-widget-sow-editor-base\"\n\t\t\t\n\t\t>\n<div class=\"siteorigin-widget-tinymce textwidget\">\n\t<\/div>\n<\/div><\/div><div id=\"panel-2-2-0-5\" class=\"so-panel widget widget_sow-editor\" data-index=\"8\" ><div class=\"widget-img-shadow panel-widget-style panel-widget-style-for-2-2-0-5\" ><div\n\t\t\t\n\t\t\tclass=\"so-widget-sow-editor so-widget-sow-editor-base\"\n\t\t\t\n\t\t>\n<div class=\"siteorigin-widget-tinymce textwidget\">\n\t<h2>Find Local Resources<\/h2>\n<p>Need help? Search free and reduced-cost services like medical care, food, housing, and more in your area.<\/p>\n<\/div>\n<\/div><\/div><\/div><div id=\"panel-2-2-0-6\" class=\"so-panel widget widget_sow-button\" data-index=\"9\" ><div class=\"panel-widget-style panel-widget-style-for-2-2-0-6\" ><div\n\t\t\t\n\t\t\tclass=\"so-widget-sow-button so-widget-sow-button-atom-7359f5fc84aa-2\"\n\t\t\t\n\t\t><div class=\"ow-button-base ow-button-align-left\"\n>\n\t\t\t<a\n\t\t\t\t\thref=\"https:\/\/www.auntbertha.com\/search_results\/23219\"\n\t\t\t\t\tclass=\"sowb-button ow-icon-placement-left ow-button-hover\" target=\"_blank\" rel=\"noopener noreferrer\" \t>\n\t\t<span>\n\t\t\t<span class=\"sow-icon-ionicons\" data-sow-icon=\"&#xf2f5;\"\n\t\tstyle=\"color: #ffffff\" \n\t\taria-hidden=\"true\"><\/span>\n\t\t\tSearch\t\t<\/span>\n\t\t\t<\/a>\n\t<\/div>\n<\/div><\/div><\/div><div id=\"panel-2-2-0-7\" class=\"so-panel widget widget_sow-editor\" data-index=\"10\" ><div class=\"widget-img-shadow panel-widget-style panel-widget-style-for-2-2-0-7\" ><div\n\t\t\t\n\t\t\tclass=\"so-widget-sow-editor so-widget-sow-editor-base\"\n\t\t\t\n\t\t>\n<div class=\"siteorigin-widget-tinymce textwidget\">\n\t<h2>Connect with a Community Health Worker<\/h2>\n<p>If you would like to be connected to services in Richmond City and Henrico County, please complete the form below and a Resource Navigator will contact you. The information you enter is completely confidential and will only be shared in order to connect you to services.<\/p>\n<\/div>\n<\/div><\/div><\/div><div id=\"panel-2-2-0-8\" class=\"so-panel widget widget_sow-button\" data-index=\"11\" ><div class=\"panel-widget-style panel-widget-style-for-2-2-0-8\" ><div\n\t\t\t\n\t\t\tclass=\"so-widget-sow-button so-widget-sow-button-atom-61bb47762591-2\"\n\t\t\t\n\t\t><div class=\"ow-button-base ow-button-align-left\"\n>\n\t\t\t<a\n\t\t\t\t\thref=\"http:\/\/rhhd.gov\/unite-us\"\n\t\t\t\t\tclass=\"sowb-button ow-icon-placement-left ow-button-hover\" target=\"_blank\" rel=\"noopener noreferrer\" \t>\n\t\t<span>\n\t\t\t\n\t\t\tUnite Us\t\t<\/span>\n\t\t\t<\/a>\n\t<\/div>\n<\/div><\/div><\/div><div id=\"panel-2-2-0-9\" class=\"so-panel widget widget_siteorigin-panels-post-content panel-last-child\" data-index=\"12\" ><\/div><\/div><\/div><div id=\"pgc-2-2-1\"  class=\"panel-grid-cell\" ><div id=\"panel-2-2-1-0\" class=\"so-panel widget widget_sow-editor panel-first-child\" data-index=\"13\" ><div class=\"panel-widget-style panel-widget-style-for-2-2-1-0\" ><div\n\t\t\t\n\t\t\tclass=\"so-widget-sow-editor so-widget-sow-editor-base\"\n\t\t\t\n\t\t>\n<div class=\"siteorigin-widget-tinymce textwidget\">\n\t<h2><a href=\"https:\/\/www.vdh.virginia.gov\/richmond-city\/blog\/\"><img loading=\"lazy\" decoding=\"async\" class=\"alignnone wp-image-18724\" src=\"https:\/\/www.vdh.virginia.gov\/content\/uploads\/sites\/119\/2023\/10\/RHHD-BLOG-well-read-humanoid-01.png\" alt=\"decorative\" width=\"226\" height=\"124\" srcset=\"https:\/\/www.vdh.virginia.gov\/content\/uploads\/sites\/119\/2023\/10\/RHHD-BLOG-well-read-humanoid-01.png 652w, https:\/\/www.vdh.virginia.gov\/content\/uploads\/sites\/119\/2023\/10\/RHHD-BLOG-well-read-humanoid-01-300x164.png 300w\" sizes=\"auto, (max-width: 226px) 100vw, 226px\" \/><\/a><\/h2>\n<h2><a href=\"https:\/\/www.vdh.virginia.gov\/richmond-city\/blog\/\"><span style=\"color: #00a6a6;\"><strong>BLOG<\/strong><\/span><\/a><\/h2>\n<blockquote class=\"wp-embedded-content\" data-secret=\"PCueS1lQmJ\"><p><a href=\"https:\/\/www.vdh.virginia.gov\/richmond-city\/2026\/03\/06\/international-womens-day-2026\/\">International Women&#8217;s Day 2026<\/a><\/p><\/blockquote>\n<p><iframe loading=\"lazy\" class=\"wp-embedded-content\" sandbox=\"allow-scripts\" security=\"restricted\" style=\"position: absolute; visibility: hidden;\" title=\"&#8220;International Women&#8217;s Day 2026&#8221; &#8212; Richmond City Health Department\" src=\"https:\/\/www.vdh.virginia.gov\/richmond-city\/2026\/03\/06\/international-womens-day-2026\/embed\/#?secret=uDGsHXuzyN#?secret=PCueS1lQmJ\" data-secret=\"PCueS1lQmJ\" width=\"600\" height=\"338\" frameborder=\"0\" marginwidth=\"0\" marginheight=\"0\" scrolling=\"no\"><\/iframe><\/p>\n<blockquote class=\"wp-embedded-content\" data-secret=\"6g7WOjfYeh\"><p><a href=\"https:\/\/www.vdh.virginia.gov\/richmond-city\/2026\/02\/26\/real-love-respects-2\/\">Real Love Respects<\/a><\/p><\/blockquote>\n<p><iframe loading=\"lazy\" class=\"wp-embedded-content\" sandbox=\"allow-scripts\" security=\"restricted\" style=\"position: absolute; visibility: hidden;\" title=\"&#8220;Real Love Respects&#8221; &#8212; Richmond City Health Department\" src=\"https:\/\/www.vdh.virginia.gov\/richmond-city\/2026\/02\/26\/real-love-respects-2\/embed\/#?secret=exuaUT2sZI#?secret=6g7WOjfYeh\" data-secret=\"6g7WOjfYeh\" width=\"600\" height=\"338\" frameborder=\"0\" marginwidth=\"0\" marginheight=\"0\" scrolling=\"no\"><\/iframe><\/p>\n<\/div>\n<\/div><\/div><\/div><div id=\"panel-2-2-1-1\" class=\"so-panel widget widget_sow-editor\" data-index=\"14\" ><div\n\t\t\t\n\t\t\tclass=\"so-widget-sow-editor so-widget-sow-editor-base\"\n\t\t\t\n\t\t>\n<div class=\"siteorigin-widget-tinymce textwidget\">\n\t<h2><span style=\"color: #00a6a6;\"><strong>What's New?<\/strong><\/span><\/h2>\n<\/div>\n<\/div><\/div><div id=\"panel-2-2-1-2\" class=\"so-panel widget widget_sow-editor\" data-index=\"15\" ><div\n\t\t\t\n\t\t\tclass=\"so-widget-sow-editor so-widget-sow-editor-base\"\n\t\t\t\n\t\t>\n<div class=\"siteorigin-widget-tinymce textwidget\">\n\t<p><a href=\"https:\/\/www.vdh.virginia.gov\/content\/uploads\/sites\/119\/RHHD-Hotline-Brochure_English.pdf\">RHHD's Hotline Brochure<\/a><\/p>\n<\/div>\n<\/div><\/div><div id=\"panel-2-2-1-3\" class=\"so-panel widget widget_sow-editor\" data-index=\"16\" ><div\n\t\t\t\n\t\t\tclass=\"so-widget-sow-editor so-widget-sow-editor-base\"\n\t\t\t\n\t\t>\n<div class=\"siteorigin-widget-tinymce textwidget\">\n\t<p><a href=\"https:\/\/www.vdh.virginia.gov\/richmond-city\/cha\/\">RHHD's 2024 Community Health Assessment report is now available!<\/a><\/p>\n<\/div>\n<\/div><\/div><div id=\"panel-2-2-1-4\" class=\"so-panel widget widget_sow-editor\" data-index=\"17\" ><div\n\t\t\t\n\t\t\tclass=\"so-widget-sow-editor so-widget-sow-editor-base\"\n\t\t\t\n\t\t>\n<div class=\"siteorigin-widget-tinymce textwidget\">\n\t<p><a href=\"https:\/\/www.vdh.virginia.gov\/content\/uploads\/sites\/119\/2025\/03\/2024-Annual-Report-RHHD.pdf\">RHHD's 2024 Annual Report is now available!<\/a><\/p>\n<\/div>\n<\/div><\/div><div id=\"panel-2-2-1-5\" class=\"so-panel widget widget_sow-editor panel-last-child\" data-index=\"18\" ><div\n\t\t\t\n\t\t\tclass=\"so-widget-sow-editor so-widget-sow-editor-base\"\n\t\t\t\n\t\t>\n<div class=\"siteorigin-widget-tinymce textwidget\">\n\t<p>Check out RHHD's new <a href=\"https:\/\/www.vdh.virginia.gov\/content\/uploads\/sites\/119\/2024\/09\/SUD-Resource-Directory-Sept-2024.pdf\">Richmond\/Henrico Regional Resource Guide to Substance Use and Mental and Behavioral Health<\/a>!<\/p>\n<\/div>\n<\/div><\/div><\/div><\/div><\/div><\/div>","protected":false},"excerpt":{"rendered":"<p>ESPA\u00d1OL Find vaccines for children and adults. Language translations and TTY services are available at 1-877-VAX-IN-VA (1-877-829-4682), 8 a.m.-5 p.m. Monday-Friday Servicios de traducci\u00f3n y tel\u00e9fonos de texto (TTY) est\u00e1n [&hellip;]<\/p>\n","protected":false},"author":590,"featured_media":0,"parent":0,"menu_order":0,"comment_status":"closed","ping_status":"closed","template":"","meta":{"_lmt_disableupdate":"no","_lmt_disable":"","footnotes":""},"tags":[4],"class_list":["post-2","page","type-page","status-publish","hentry","tag-home"],"yoast_head":"<!-- This site is optimized with the Yoast SEO plugin v27.3 - https:\/\/yoast.com\/product\/yoast-seo-wordpress\/ -->\n<title>Richmond City Health District - Richmond City Health Department<\/title>\n<meta name=\"robots\" content=\"index, follow, max-snippet:-1, max-image-preview:large, max-video-preview:-1\" \/>\n<link rel=\"canonical\" href=\"https:\/\/www.vdh.virginia.gov\/richmond-city\/\" \/>\n<meta property=\"og:locale\" content=\"en_US\" \/>\n<meta property=\"og:type\" content=\"article\" \/>\n<meta property=\"og:title\" content=\"Richmond City Health District - Richmond City Health Department\" \/>\n<meta property=\"og:description\" content=\"ESPA\u00d1OL Find vaccines for children and adults. Language translations and TTY services are available at 1-877-VAX-IN-VA (1-877-829-4682), 8 a.m.-5 p.m. Monday-Friday Servicios de traducci\u00f3n y tel\u00e9fonos de texto (TTY) est\u00e1n [&hellip;]\" \/>\n<meta property=\"og:url\" content=\"https:\/\/www.vdh.virginia.gov\/richmond-city\/\" \/>\n<meta property=\"og:site_name\" content=\"Richmond City Health Department\" \/>\n<meta property=\"article:modified_time\" content=\"2026-03-24T12:06:30+00:00\" \/>\n<meta property=\"og:image\" content=\"https:\/\/www.vdh.virginia.gov\/content\/uploads\/sites\/119\/2023\/10\/RHHD-BLOG-well-read-humanoid-01.png\" \/>\n\t<meta property=\"og:image:width\" content=\"652\" \/>\n\t<meta property=\"og:image:height\" content=\"357\" \/>\n\t<meta property=\"og:image:type\" content=\"image\/png\" \/>\n<meta name=\"twitter:card\" content=\"summary_large_image\" \/>\n<meta name=\"twitter:label1\" content=\"Est. reading time\" \/>\n\t<meta name=\"twitter:data1\" content=\"1 minute\" \/>\n<script type=\"application\/ld+json\" class=\"yoast-schema-graph\">{\"@context\":\"https:\\\/\\\/schema.org\",\"@graph\":[{\"@type\":\"WebPage\",\"@id\":\"https:\\\/\\\/www.vdh.virginia.gov\\\/richmond-city\\\/\",\"url\":\"https:\\\/\\\/www.vdh.virginia.gov\\\/richmond-city\\\/\",\"name\":\"Richmond City Health District - Richmond City Health Department\",\"isPartOf\":{\"@id\":\"https:\\\/\\\/www.vdh.virginia.gov\\\/richmond-city\\\/#website\"},\"primaryImageOfPage\":{\"@id\":\"https:\\\/\\\/www.vdh.virginia.gov\\\/richmond-city\\\/#primaryimage\"},\"image\":{\"@id\":\"https:\\\/\\\/www.vdh.virginia.gov\\\/richmond-city\\\/#primaryimage\"},\"thumbnailUrl\":\"https:\\\/\\\/www.vdh.virginia.gov\\\/content\\\/uploads\\\/sites\\\/119\\\/2023\\\/10\\\/RHHD-BLOG-well-read-humanoid-01.png\",\"datePublished\":\"2016-10-28T17:19:25+00:00\",\"dateModified\":\"2026-03-24T12:06:30+00:00\",\"breadcrumb\":{\"@id\":\"https:\\\/\\\/www.vdh.virginia.gov\\\/richmond-city\\\/#breadcrumb\"},\"inLanguage\":\"en-US\",\"potentialAction\":[{\"@type\":\"ReadAction\",\"target\":[\"https:\\\/\\\/www.vdh.virginia.gov\\\/richmond-city\\\/\"]}]},{\"@type\":\"ImageObject\",\"inLanguage\":\"en-US\",\"@id\":\"https:\\\/\\\/www.vdh.virginia.gov\\\/richmond-city\\\/#primaryimage\",\"url\":\"https:\\\/\\\/www.vdh.virginia.gov\\\/content\\\/uploads\\\/sites\\\/119\\\/2023\\\/10\\\/RHHD-BLOG-well-read-humanoid-01.png\",\"contentUrl\":\"https:\\\/\\\/www.vdh.virginia.gov\\\/content\\\/uploads\\\/sites\\\/119\\\/2023\\\/10\\\/RHHD-BLOG-well-read-humanoid-01.png\"},{\"@type\":\"BreadcrumbList\",\"@id\":\"https:\\\/\\\/www.vdh.virginia.gov\\\/richmond-city\\\/#breadcrumb\",\"itemListElement\":[{\"@type\":\"ListItem\",\"position\":1,\"name\":\"Home\",\"item\":\"https:\\\/\\\/www.vdh.virginia.gov\\\/richmond-city\\\/\"},{\"@type\":\"ListItem\",\"position\":2,\"name\":\"Richmond City Health District\"}]},{\"@type\":\"WebSite\",\"@id\":\"https:\\\/\\\/www.vdh.virginia.gov\\\/richmond-city\\\/#website\",\"url\":\"https:\\\/\\\/www.vdh.virginia.gov\\\/richmond-city\\\/\",\"name\":\"Richmond City Health Department\",\"description\":\"\",\"potentialAction\":[{\"@type\":\"SearchAction\",\"target\":{\"@type\":\"EntryPoint\",\"urlTemplate\":\"https:\\\/\\\/www.vdh.virginia.gov\\\/richmond-city\\\/?s={search_term_string}\"},\"query-input\":{\"@type\":\"PropertyValueSpecification\",\"valueRequired\":true,\"valueName\":\"search_term_string\"}}],\"inLanguage\":\"en-US\"}]}<\/script>\n<!-- \/ Yoast SEO plugin. -->","yoast_head_json":{"title":"Richmond City Health District - Richmond City Health Department","robots":{"index":"index","follow":"follow","max-snippet":"max-snippet:-1","max-image-preview":"max-image-preview:large","max-video-preview":"max-video-preview:-1"},"canonical":"https:\/\/www.vdh.virginia.gov\/richmond-city\/","og_locale":"en_US","og_type":"article","og_title":"Richmond City Health District - Richmond City Health Department","og_description":"ESPA\u00d1OL Find vaccines for children and adults. Language translations and TTY services are available at 1-877-VAX-IN-VA (1-877-829-4682), 8 a.m.-5 p.m. Monday-Friday Servicios de traducci\u00f3n y tel\u00e9fonos de texto (TTY) est\u00e1n [&hellip;]","og_url":"https:\/\/www.vdh.virginia.gov\/richmond-city\/","og_site_name":"Richmond City Health Department","article_modified_time":"2026-03-24T12:06:30+00:00","og_image":[{"width":652,"height":357,"url":"https:\/\/www.vdh.virginia.gov\/content\/uploads\/sites\/119\/2023\/10\/RHHD-BLOG-well-read-humanoid-01.png","type":"image\/png"}],"twitter_card":"summary_large_image","twitter_misc":{"Est. reading time":"1 minute"},"schema":{"@context":"https:\/\/schema.org","@graph":[{"@type":"WebPage","@id":"https:\/\/www.vdh.virginia.gov\/richmond-city\/","url":"https:\/\/www.vdh.virginia.gov\/richmond-city\/","name":"Richmond City Health District - Richmond City Health Department","isPartOf":{"@id":"https:\/\/www.vdh.virginia.gov\/richmond-city\/#website"},"primaryImageOfPage":{"@id":"https:\/\/www.vdh.virginia.gov\/richmond-city\/#primaryimage"},"image":{"@id":"https:\/\/www.vdh.virginia.gov\/richmond-city\/#primaryimage"},"thumbnailUrl":"https:\/\/www.vdh.virginia.gov\/content\/uploads\/sites\/119\/2023\/10\/RHHD-BLOG-well-read-humanoid-01.png","datePublished":"2016-10-28T17:19:25+00:00","dateModified":"2026-03-24T12:06:30+00:00","breadcrumb":{"@id":"https:\/\/www.vdh.virginia.gov\/richmond-city\/#breadcrumb"},"inLanguage":"en-US","potentialAction":[{"@type":"ReadAction","target":["https:\/\/www.vdh.virginia.gov\/richmond-city\/"]}]},{"@type":"ImageObject","inLanguage":"en-US","@id":"https:\/\/www.vdh.virginia.gov\/richmond-city\/#primaryimage","url":"https:\/\/www.vdh.virginia.gov\/content\/uploads\/sites\/119\/2023\/10\/RHHD-BLOG-well-read-humanoid-01.png","contentUrl":"https:\/\/www.vdh.virginia.gov\/content\/uploads\/sites\/119\/2023\/10\/RHHD-BLOG-well-read-humanoid-01.png"},{"@type":"BreadcrumbList","@id":"https:\/\/www.vdh.virginia.gov\/richmond-city\/#breadcrumb","itemListElement":[{"@type":"ListItem","position":1,"name":"Home","item":"https:\/\/www.vdh.virginia.gov\/richmond-city\/"},{"@type":"ListItem","position":2,"name":"Richmond City Health District"}]},{"@type":"WebSite","@id":"https:\/\/www.vdh.virginia.gov\/richmond-city\/#website","url":"https:\/\/www.vdh.virginia.gov\/richmond-city\/","name":"Richmond City Health Department","description":"","potentialAction":[{"@type":"SearchAction","target":{"@type":"EntryPoint","urlTemplate":"https:\/\/www.vdh.virginia.gov\/richmond-city\/?s={search_term_string}"},"query-input":{"@type":"PropertyValueSpecification","valueRequired":true,"valueName":"search_term_string"}}],"inLanguage":"en-US"}]}},"_links":{"self":[{"href":"https:\/\/www.vdh.virginia.gov\/richmond-city\/wp-json\/wp\/v2\/pages\/2","targetHints":{"allow":["GET"]}}],"collection":[{"href":"https:\/\/www.vdh.virginia.gov\/richmond-city\/wp-json\/wp\/v2\/pages"}],"about":[{"href":"https:\/\/www.vdh.virginia.gov\/richmond-city\/wp-json\/wp\/v2\/types\/page"}],"author":[{"embeddable":true,"href":"https:\/\/www.vdh.virginia.gov\/richmond-city\/wp-json\/wp\/v2\/users\/590"}],"replies":[{"embeddable":true,"href":"https:\/\/www.vdh.virginia.gov\/richmond-city\/wp-json\/wp\/v2\/comments?post=2"}],"version-history":[{"count":27,"href":"https:\/\/www.vdh.virginia.gov\/richmond-city\/wp-json\/wp\/v2\/pages\/2\/revisions"}],"predecessor-version":[{"id":23851,"href":"https:\/\/www.vdh.virginia.gov\/richmond-city\/wp-json\/wp\/v2\/pages\/2\/revisions\/23851"}],"wp:attachment":[{"href":"https:\/\/www.vdh.virginia.gov\/richmond-city\/wp-json\/wp\/v2\/media?parent=2"}],"wp:term":[{"taxonomy":"post_tag","embeddable":true,"href":"https:\/\/www.vdh.virginia.gov\/richmond-city\/wp-json\/wp\/v2\/tags?post=2"}],"curies":[{"name":"wp","href":"https:\/\/api.w.org\/{rel}","templated":true}]}}