{"id":10151,"date":"2023-05-12T17:16:28","date_gmt":"2023-05-12T21:16:28","guid":{"rendered":"https:\/\/www.vdh.virginia.gov\/news\/?page_id=10151"},"modified":"2026-01-07T09:07:34","modified_gmt":"2026-01-07T14:07:34","slug":"ticks","status":"publish","type":"page","link":"https:\/\/www.vdh.virginia.gov\/news\/toolkits\/ticks\/","title":{"rendered":"Ticks Safety"},"content":{"rendered":"<div id=\"pl-10151\"  class=\"panel-layout\" ><div id=\"pg-10151-0\"  class=\"panel-grid panel-no-style\" ><div id=\"pgc-10151-0-0\"  class=\"panel-grid-cell\" ><div id=\"panel-10151-0-0-0\" class=\"so-panel widget widget_sow-image panel-first-child panel-last-child\" data-index=\"0\" ><div\n\t\t\t\n\t\t\tclass=\"so-widget-sow-image so-widget-sow-image-default-4e6925654b7a-10151\"\n\t\t\t\n\t\t>\n<div class=\"sow-image-container\">\n\t\t<img \n\tsrc=\"https:\/\/www.vdh.virginia.gov\/content\/uploads\/sites\/6\/2023\/05\/04-copy.jpg\" width=\"250\" height=\"250\" title=\"Ticks Safety\" alt=\"\" \t\tclass=\"so-widget-image\"\/>\n\t<\/div>\n\n<\/div><\/div><\/div><div id=\"pgc-10151-0-1\"  class=\"panel-grid-cell\" ><div id=\"panel-10151-0-1-0\" class=\"so-panel widget widget_sow-editor panel-first-child panel-last-child\" data-index=\"1\" ><div\n\t\t\t\n\t\t\tclass=\"so-widget-sow-editor so-widget-sow-editor-base\"\n\t\t\t\n\t\t>\n<div class=\"siteorigin-widget-tinymce textwidget\">\n\t<p>&nbsp;<\/p>\n<p>Bites from ticks can be both irritating and harmful to your health. These arachnids can spread a number of diseases that affect humans. Luckily, there are many ways to\u00a0<strong>protect and prevent<\/strong> yourself and your family against tick bites.<\/p>\n<p>Use these resources to help educate your communities.<\/p>\n<\/div>\n<\/div><\/div><\/div><\/div><div id=\"pg-10151-1\"  class=\"panel-grid panel-no-style\" ><div id=\"pgc-10151-1-0\"  class=\"panel-grid-cell\" ><div id=\"panel-10151-1-0-0\" class=\"so-panel widget widget_sow-editor panel-first-child\" data-index=\"2\" ><div\n\t\t\t\n\t\t\tclass=\"so-widget-sow-editor so-widget-sow-editor-base\"\n\t\t\t\n\t\t>\n<div class=\"siteorigin-widget-tinymce textwidget\">\n\t<\/div>\n<\/div><\/div><div id=\"panel-10151-1-0-1\" class=\"so-panel widget widget_sow-accordion panel-last-child\" data-index=\"3\" ><div\n\t\t\t\n\t\t\tclass=\"so-widget-sow-accordion so-widget-sow-accordion-default-d9295f5bfa93-10151\"\n\t\t\t\n\t\t><div>\n\t<div class=\"sow-accordion\">\n\t\t\t<div class=\"sow-accordion-panel\n\t\t\t\t\t\"\n\t\t\t\tdata-anchor-id=\"social-media-graphics\">\n\t\t\t\t\t<div class=\"sow-accordion-panel-header-container\" role=\"heading\" aria-level=\"2\">\n\t\t\t\t\t<div class=\"sow-accordion-panel-header\" tabindex=\"0\" role=\"button\" id=\"accordion-label-social-media-graphics\" aria-controls=\"accordion-content-social-media-graphics\" aria-expanded=\"false\">\n\t\t\t\t\t\t<div class=\"sow-accordion-title sow-accordion-title-icon-left\">\n\t\t\t\t\t\t\t\t\t\t\t\t\t\tSocial Media Graphics\t\t\t\t\t\t\t\t\t\t\t\t\t<\/div>\n\t\t\t\t\t\t<div class=\"sow-accordion-open-close-button\">\n\t\t\t\t\t\t\t<div class=\"sow-accordion-open-button\">\n\t\t\t\t\t\t\t\t<span class=\"sow-icon-ionicons\" data-sow-icon=\"&#xf218;\"\n\t\t \n\t\taria-hidden=\"true\"><\/span>\t\t\t\t\t\t\t<\/div>\n\t\t\t\t\t\t\t<div class=\"sow-accordion-close-button\">\n\t\t\t\t\t\t\t\t<span class=\"sow-icon-ionicons\" data-sow-icon=\"&#xf209;\"\n\t\t \n\t\taria-hidden=\"true\"><\/span>\t\t\t\t\t\t\t<\/div>\n\t\t\t\t\t\t<\/div>\n\t\t\t\t\t<\/div>\n\t\t\t\t<\/div>\n\n\t\t\t<div\n\t\t\t\tclass=\"sow-accordion-panel-content\"\n\t\t\t\trole=\"region\"\n\t\t\t\taria-labelledby=\"accordion-label-social-media-graphics\"\n\t\t\t\tid=\"accordion-content-social-media-graphics\"\n\t\t\t\tstyle=\"display: none;\"\t\t\t>\n\t\t\t\t<div class=\"sow-accordion-panel-border\">\n\t\t\t\t\t<p>&nbsp;<\/p>\n<table style=\"width: 851px; height: 415px;\" width=\"700\">\n<tbody>\n<tr>\n<td style=\"width: 300px;\"><img loading=\"lazy\" decoding=\"async\" class=\"\" src=\"https:\/\/www.vdh.virginia.gov\/content\/uploads\/sites\/6\/2023\/05\/01-copy-300x300.jpg\" width=\"332\" height=\"332\" \/><\/td>\n<td style=\"width: 300px;\">\n<h3>Enjoy Nature Without the Ticks!<\/h3>\n<h4><a href=\"https:\/\/www.vdh.virginia.gov\/content\/uploads\/sites\/6\/2023\/05\/01-copy-768x768.jpg\" target=\"_blank\" rel=\"noopener\">English<\/a><\/h4>\n<p>Did you know? Ticks live in the leaves! Staying on the path can help you avoid ticks while on a hike. <a href=\"http:\/\/www.vdh.virginia.gov\/ticks\/\">www.vdh.virginia.gov\/ticks\/<\/a><\/p>\n<h4><a href=\"https:\/\/www.vdh.virginia.gov\/content\/uploads\/sites\/6\/2023\/05\/01_es-copy.jpg\" target=\"_blank\" rel=\"noopener\">Spanish<\/a><\/h4>\n<p>\u00bfSab\u00edas que las garrapatas viven en las hojas de los \u00e1rboles y arbustos? Puedes evitar las garrapatas permaneciendo en senderos sin vegetaci\u00f3n durante la caminata. <a href=\"https:\/\/www.vdh.virginia.gov\/ticks\/\">www.vdh.virginia.gov\/ticks\/<\/a><\/p>\n<\/td>\n<\/tr>\n<\/tbody>\n<\/table>\n<p>&nbsp;<\/p>\n<table style=\"width: 844px; height: 416px;\">\n<tbody>\n<tr>\n<td style=\"width: 300px;\"><img loading=\"lazy\" decoding=\"async\" class=\"\" src=\"https:\/\/www.vdh.virginia.gov\/content\/uploads\/sites\/6\/2023\/05\/02-copy-300x300.jpg\" width=\"339\" height=\"339\" \/><\/td>\n<td style=\"width: 300px;\">\n<h3>Keep the Ticks Off!<\/h3>\n<h4><a href=\"https:\/\/www.vdh.virginia.gov\/content\/uploads\/sites\/6\/2023\/05\/02-copy-768x768.jpg\" target=\"_blank\" rel=\"noopener\">English\u00a0<\/a><\/h4>\n<p><span class=\"TextRun SCXP107429073 BCX8\" lang=\"EN-US\" xml:lang=\"EN-US\" data-usefontface=\"false\" data-contrast=\"none\"><span class=\"NormalTextRun SCXP107429073 BCX8\">Tick prevention starts from the\u00a0<\/span><\/span><span class=\"TextRun SCXP107429073 BCX8\" lang=\"EN-US\" xml:lang=\"EN-US\" data-usefontface=\"false\" data-contrast=\"none\"><span class=\"NormalTextRun SCXP107429073 BCX8\">ground up! When you\u2019re enjoying nature,\u00a0<\/span><\/span><span class=\"TextRun SCXP107429073 BCX8\" lang=\"EN-US\" xml:lang=\"EN-US\" data-usefontface=\"false\" data-contrast=\"none\"><span class=\"NormalTextRun SCXP107429073 BCX8\">wearing the right clothes and repellant\u00a0<\/span><\/span><span class=\"TextRun SCXP107429073 BCX8\" lang=\"EN-US\" xml:lang=\"EN-US\" data-usefontface=\"false\" data-contrast=\"none\"><span class=\"NormalTextRun SCXP107429073 BCX8\">can protect you from tick bites. <a href=\"https:\/\/www.vdh.virginia.gov\/ticks\/\">www.vdh.virginia.gov\/ticks\/<\/a><\/span><\/span><\/p>\n<h4><a href=\"https:\/\/www.vdh.virginia.gov\/content\/uploads\/sites\/6\/2023\/05\/02_es-copy.jpg\" target=\"_blank\" rel=\"noopener\">Spanish<\/a><\/h4>\n<p>\u00a1La prevenci\u00f3n de las garrapatas comienza desde cero! Al disfrutar de la naturaleza, usar la ropa y el repelente adecuados puede protegerte de las picaduras de garrapata. <a href=\"https:\/\/www.vdh.virginia.gov\/ticks\/\">www.vdh.virginia.gov\/ticks\/<\/a><\/p>\n<\/td>\n<\/tr>\n<\/tbody>\n<\/table>\n<p>&nbsp;<\/p>\n<table style=\"width: 841px; height: 509px;\">\n<tbody>\n<tr>\n<td style=\"width: 300px;\"><img loading=\"lazy\" decoding=\"async\" class=\"alignleft\" src=\"https:\/\/www.vdh.virginia.gov\/content\/uploads\/sites\/6\/2023\/05\/03-copy-300x300.jpg\" width=\"353\" height=\"353\" \/><\/td>\n<td style=\"width: 300px;\">\n<h3><\/h3>\n<h3>Tick Check!<\/h3>\n<h4><a href=\"https:\/\/www.vdh.virginia.gov\/content\/uploads\/sites\/6\/2023\/05\/03-copy.jpg\" target=\"_blank\" rel=\"noopener\">English\u00a0<\/a><\/h4>\n<p><span class=\"TextRun SCXP260883899 BCX8\" lang=\"EN-US\" xml:lang=\"EN-US\" data-usefontface=\"false\" data-contrast=\"none\"><span class=\"NormalTextRun SCXP260883899 BCX8\">\u00a0Tick check! If you have <\/span><\/span><span class=\"TextRun SCXP260883899 BCX8\" lang=\"EN-US\" xml:lang=\"EN-US\" data-usefontface=\"false\" data-contrast=\"none\"><span class=\"NormalTextRun SCXP260883899 BCX8\">been outside, check your whole body\u00a0<\/span><\/span><span class=\"TextRun SCXP260883899 BCX8\" lang=\"EN-US\" xml:lang=\"EN-US\" data-usefontface=\"false\" data-contrast=\"none\"><span class=\"NormalTextRun SCXP260883899 BCX8\">for ticks. Take them off them\u00a0<\/span><\/span><span class=\"TextRun SCXP260883899 BCX8\" lang=\"EN-US\" xml:lang=\"EN-US\" data-usefontface=\"false\" data-contrast=\"none\"><span class=\"NormalTextRun SCXP260883899 BCX8\">carefully and talk to your doctor if\u00a0<\/span><\/span><span class=\"TextRun SCXP260883899 BCX8\" lang=\"EN-US\" xml:lang=\"EN-US\" data-usefontface=\"false\" data-contrast=\"none\"><span class=\"NormalTextRun SCXP260883899 BCX8\">you develop a rash or fever.\u00a0 Learn\u00a0<\/span><\/span><span class=\"TextRun SCXP260883899 BCX8\" lang=\"EN-US\" xml:lang=\"EN-US\" data-usefontface=\"false\" data-contrast=\"none\"><span class=\"NormalTextRun SCXP260883899 BCX8\">more about the best way to remove a\u00a0<\/span><\/span><span class=\"TextRun SCXP260883899 BCX8\" lang=\"EN-US\" xml:lang=\"EN-US\" data-usefontface=\"false\" data-contrast=\"none\"><span class=\"NormalTextRun SCXP260883899 BCX8\">tick at\u00a0<a href=\"https:\/\/www.vdh.virginia.gov\/ticks\/\">https:\/\/www.vdh.virginia.gov\/ticks\/<\/a><\/span><\/span><\/p>\n<h4>\u00a0<a href=\"https:\/\/www.vdh.virginia.gov\/content\/uploads\/sites\/6\/2023\/05\/03_es-copy.jpg\" target=\"_blank\" rel=\"noopener\">Spanish<\/a><\/h4>\n<p>\u00a1Mira si tienes garrapatas! Si has estado al aire libre, revisa todo el cuerpo en busca de garrapatas. Qu\u00edtalas con cuidado y si desarrollas una erupci\u00f3n o fiebre, consulta a tu m\u00e9dico. Busca m\u00e1s informaci\u00f3n sobre la mejor manera de quitarse una garrapata.\u200b <a href=\"https:\/\/www.vdh.virginia.gov\/ticks\/\">www.vdh.virginia.gov\/ticks\/<\/a><\/p>\n<\/td>\n<\/tr>\n<\/tbody>\n<\/table>\n<p>&nbsp;<\/p>\n<table style=\"width: 862px; height: 322px;\">\n<tbody>\n<tr>\n<td style=\"width: 300px;\"><img loading=\"lazy\" decoding=\"async\" class=\"\" src=\"https:\/\/www.vdh.virginia.gov\/content\/uploads\/sites\/6\/2023\/05\/04-copy-300x300.jpg\" width=\"351\" height=\"351\" \/><\/td>\n<td style=\"width: 300px;\">\n<h3>Don't Let the Tick Get You Sick<\/h3>\n<h4><a href=\"https:\/\/www.vdh.virginia.gov\/content\/uploads\/sites\/6\/2023\/05\/04-copy.jpg\" target=\"_blank\" rel=\"noopener\">English<\/a><\/h4>\n<h4><a href=\"https:\/\/www.vdh.virginia.gov\/content\/uploads\/sites\/6\/2023\/05\/04_es-copy.jpg\" target=\"_blank\" rel=\"noopener\"><span style=\"font-family: inherit; font-size: inherit;\">Spanish\u00a0<\/span><\/a><\/h4>\n<\/td>\n<\/tr>\n<\/tbody>\n<\/table>\n\t\t\t\t<\/div>\n\t\t\t<\/div>\n\t\t<\/div>\n\t\t\t<div class=\"sow-accordion-panel\n\t\t\t\t\t\"\n\t\t\t\tdata-anchor-id=\"print-materials\">\n\t\t\t\t\t<div class=\"sow-accordion-panel-header-container\" role=\"heading\" aria-level=\"2\">\n\t\t\t\t\t<div class=\"sow-accordion-panel-header\" tabindex=\"0\" role=\"button\" id=\"accordion-label-print-materials\" aria-controls=\"accordion-content-print-materials\" aria-expanded=\"false\">\n\t\t\t\t\t\t<div class=\"sow-accordion-title sow-accordion-title-icon-left\">\n\t\t\t\t\t\t\t\t\t\t\t\t\t\tPrint Materials\t\t\t\t\t\t\t\t\t\t\t\t\t<\/div>\n\t\t\t\t\t\t<div class=\"sow-accordion-open-close-button\">\n\t\t\t\t\t\t\t<div class=\"sow-accordion-open-button\">\n\t\t\t\t\t\t\t\t<span class=\"sow-icon-ionicons\" data-sow-icon=\"&#xf218;\"\n\t\t \n\t\taria-hidden=\"true\"><\/span>\t\t\t\t\t\t\t<\/div>\n\t\t\t\t\t\t\t<div class=\"sow-accordion-close-button\">\n\t\t\t\t\t\t\t\t<span class=\"sow-icon-ionicons\" data-sow-icon=\"&#xf209;\"\n\t\t \n\t\taria-hidden=\"true\"><\/span>\t\t\t\t\t\t\t<\/div>\n\t\t\t\t\t\t<\/div>\n\t\t\t\t\t<\/div>\n\t\t\t\t<\/div>\n\n\t\t\t<div\n\t\t\t\tclass=\"sow-accordion-panel-content\"\n\t\t\t\trole=\"region\"\n\t\t\t\taria-labelledby=\"accordion-label-print-materials\"\n\t\t\t\tid=\"accordion-content-print-materials\"\n\t\t\t\tstyle=\"display: none;\"\t\t\t>\n\t\t\t\t<div class=\"sow-accordion-panel-border\">\n\t\t\t\t\t<p>&nbsp;<\/p>\n<table style=\"width: 876px; height: 319px;\" width=\"700\">\n<tbody>\n<tr>\n<td style=\"width: 300px;\">\n<h3>Tick Identification Card (8.5 x 11)<\/h3>\n<p><img loading=\"lazy\" decoding=\"async\" class=\"alignnone size-medium wp-image-10884\" src=\"https:\/\/www.vdh.virginia.gov\/content\/uploads\/sites\/6\/2024\/04\/Tick-ID-300x223.png\" alt=\"\" width=\"300\" height=\"223\" srcset=\"https:\/\/www.vdh.virginia.gov\/content\/uploads\/sites\/6\/2024\/04\/Tick-ID-300x223.png 300w, https:\/\/www.vdh.virginia.gov\/content\/uploads\/sites\/6\/2024\/04\/Tick-ID-768x572.png 768w, https:\/\/www.vdh.virginia.gov\/content\/uploads\/sites\/6\/2024\/04\/Tick-ID.png 940w\" sizes=\"auto, (max-width: 300px) 100vw, 300px\" \/><\/p><\/td>\n<td style=\"width: 300px;\">\n<h4><a href=\"https:\/\/www.vdh.virginia.gov\/content\/uploads\/sites\/6\/2024\/09\/tick-identification-chart_final.pdf\" target=\"_blank\" rel=\"noopener\">English<\/a> | <a href=\"https:\/\/www.vdh.virginia.gov\/content\/uploads\/sites\/6\/2024\/09\/tick-identification-chart_final_es.pdf\" target=\"_blank\" rel=\"noopener\">Spanish<\/a> | <a href=\"https:\/\/www.vdh.virginia.gov\/content\/uploads\/sites\/6\/2025\/05\/tick-identification-chart_Arabic.pdf\" target=\"_blank\" rel=\"noopener\">Arabic<\/a><\/h4>\n<h4><a href=\"https:\/\/www.vdh.virginia.gov\/content\/uploads\/sites\/6\/2025\/05\/tick-identification-chart_Chinese-PRC.pdf\" target=\"_blank\" rel=\"noopener\">Chinese<\/a>\u00a0| <a href=\"https:\/\/www.vdh.virginia.gov\/content\/uploads\/sites\/6\/2025\/05\/tick-identification-chart_Korean.pdf\" target=\"_blank\" rel=\"noopener\">Korean<\/a> | <a href=\"https:\/\/www.vdh.virginia.gov\/content\/uploads\/sites\/6\/2025\/05\/tick-identification-chart_Tagalog.pdf\" target=\"_blank\" rel=\"noopener\">Tagalog<\/a><\/h4>\n<p>&nbsp;<\/p>\n<h4 dir=\"ltr\">Wallet Size<\/h4>\n<h4 dir=\"ltr\"><a href=\"https:\/\/www.vdh.virginia.gov\/content\/uploads\/sites\/6\/2025\/05\/Wallet-Size-Tick-Identification-Card.pdf\">English<\/a> + <a href=\"https:\/\/www.vdh.virginia.gov\/content\/uploads\/sites\/6\/2025\/05\/Wallet-Size-Tick-Identification-Card-ES.pdf\">Spanish<\/a><\/h4>\n<\/td>\n<\/tr>\n<\/tbody>\n<\/table>\n<table style=\"width: 876px; height: 1341px;\">\n<tbody>\n<tr>\n<td style=\"width: 300px;\">\n<h3><strong>Tick Safety Card (5x7)<\/strong><\/h3>\n<p><strong><img loading=\"lazy\" decoding=\"async\" class=\"alignnone size-medium wp-image-10885\" src=\"https:\/\/www.vdh.virginia.gov\/content\/uploads\/sites\/6\/2024\/04\/Tick-Prevention-300x223.png\" alt=\"\" width=\"300\" height=\"223\" srcset=\"https:\/\/www.vdh.virginia.gov\/content\/uploads\/sites\/6\/2024\/04\/Tick-Prevention-300x223.png 300w, https:\/\/www.vdh.virginia.gov\/content\/uploads\/sites\/6\/2024\/04\/Tick-Prevention-768x572.png 768w, https:\/\/www.vdh.virginia.gov\/content\/uploads\/sites\/6\/2024\/04\/Tick-Prevention.png 940w\" sizes=\"auto, (max-width: 300px) 100vw, 300px\" \/><\/strong><\/p><\/td>\n<td style=\"width: 300px;\">\n<h4><strong><a href=\"https:\/\/www.vdh.virginia.gov\/content\/uploads\/sites\/6\/2024\/04\/tick-card_5x7.pdf\" target=\"_blank\" rel=\"noopener\">English<\/a> | <a href=\"https:\/\/www.vdh.virginia.gov\/content\/uploads\/sites\/6\/2024\/09\/tick-card_5x7_Arabic_508c.pdf\" target=\"_blank\" rel=\"noopener\">Arabic<\/a> | <a href=\"https:\/\/www.vdh.virginia.gov\/content\/uploads\/sites\/6\/2024\/09\/tick-card_5x7_Chinese-PRC_508c.pdf\" target=\"_blank\" rel=\"noopener\">Chinese<\/a><\/strong><\/h4>\n<h4><strong><a href=\"https:\/\/www.vdh.virginia.gov\/content\/uploads\/sites\/6\/2024\/09\/tick-card_5x7_Korean_508c.pdf\" target=\"_blank\" rel=\"noopener\">Korean<\/a> | <a href=\"https:\/\/www.vdh.virginia.gov\/content\/uploads\/sites\/6\/2024\/04\/tick-card_5x7_es.pdf\" target=\"_blank\" rel=\"noopener\">Spanish<\/a> | <a href=\"https:\/\/www.vdh.virginia.gov\/content\/uploads\/sites\/6\/2024\/09\/tick-card_5x7_Tagalog_508c.pdf\" target=\"_blank\" rel=\"noopener\">Tagalog<\/a><\/strong><\/h4>\n<h4><\/h4>\n<p>&nbsp;<\/p>\n<h4><\/h4>\n<\/td>\n<\/tr>\n<tr>\n<td style=\"width: 300px;\">\n<h3>Tick Safety Card - Simplified (Wallet)<\/h3>\n<h3><strong><img loading=\"lazy\" decoding=\"async\" class=\"alignleft wp-image-16153 size-medium\" src=\"https:\/\/www.vdh.virginia.gov\/content\/uploads\/sites\/6\/tick-card-wallet-251x300.png\" alt=\"\" width=\"251\" height=\"300\" srcset=\"https:\/\/www.vdh.virginia.gov\/content\/uploads\/sites\/6\/tick-card-wallet-251x300.png 251w, https:\/\/www.vdh.virginia.gov\/content\/uploads\/sites\/6\/tick-card-wallet.png 571w\" sizes=\"auto, (max-width: 251px) 100vw, 251px\" \/><\/strong><\/h3>\n<\/td>\n<td style=\"width: 300px;\">\n<h4><strong><a href=\"https:\/\/www.vdh.virginia.gov\/content\/uploads\/sites\/6\/Tick-card-wallet.pdf\" target=\"_blank\" rel=\"noopener\">English<\/a> |\u00a0<\/strong><strong><a href=\"https:\/\/www.vdh.virginia.gov\/content\/uploads\/sites\/6\/Tick-card-wallet-Amharic.pdf\" target=\"_blank\" rel=\"noopener\">Amharic<\/a>\u00a0<\/strong><strong>|\u00a0<\/strong><strong><a href=\"https:\/\/www.vdh.virginia.gov\/content\/uploads\/sites\/6\/Tick-card-wallet-Arabic.pdf\" target=\"_blank\" rel=\"noopener\">Arabic<\/a>\u00a0<\/strong><strong>|\u00a0<\/strong><strong><a href=\"https:\/\/www.vdh.virginia.gov\/content\/uploads\/sites\/6\/Tick-card-wallet-Chinese.pdf\" target=\"_blank\" rel=\"noopener\">Chinese<\/a>\u00a0<\/strong><\/h4>\n<h4><strong> <a href=\"https:\/\/www.vdh.virginia.gov\/content\/uploads\/sites\/6\/Tick-card-wallet-Dari.pdf\" target=\"_blank\" rel=\"noopener\">Dari<\/a>\u00a0<\/strong><strong>| <a href=\"https:\/\/www.vdh.virginia.gov\/content\/uploads\/sites\/6\/Tick-card-wallet-Haitian-Creole.pdf\" target=\"_blank\" rel=\"noopener\">Haitian-Creole<\/a>\u00a0<\/strong><strong>|\u00a0<\/strong><strong><a href=\"https:\/\/www.vdh.virginia.gov\/content\/uploads\/sites\/6\/Tick-card-wallet-Korean.pdf\" target=\"_blank\" rel=\"noopener\">Korean<\/a>\u00a0<\/strong><\/h4>\n<h4><strong><a href=\"https:\/\/www.vdh.virginia.gov\/content\/uploads\/sites\/6\/Tick-card-wallet-Pashto.pdf\" target=\"_blank\" rel=\"noopener\">Pashto<\/a>\u00a0<\/strong><strong>|\u00a0<\/strong><strong><a href=\"https:\/\/www.vdh.virginia.gov\/content\/uploads\/sites\/6\/Tick-card-wallet-es.pdf\" target=\"_blank\" rel=\"noopener\">Spanish<\/a>\u00a0<\/strong><strong>|\u00a0<\/strong><a href=\"https:\/\/www.vdh.virginia.gov\/content\/uploads\/sites\/6\/Tick-card-wallet-Vietnamese.pdf\" target=\"_blank\" rel=\"noopener\">Vietnamese<\/a><\/h4>\n<\/td>\n<\/tr>\n<tr>\n<td style=\"width: 300px;\">\n<h3><strong>Alpha-gal Information Sheet<\/strong><\/h3>\n<p><strong><img loading=\"lazy\" decoding=\"async\" class=\"alignleft wp-image-15679 size-medium\" src=\"https:\/\/www.vdh.virginia.gov\/content\/uploads\/sites\/6\/alphagal-info-sheet-232x300.png\" alt=\"\" width=\"232\" height=\"300\" srcset=\"https:\/\/www.vdh.virginia.gov\/content\/uploads\/sites\/6\/alphagal-info-sheet-232x300.png 232w, https:\/\/www.vdh.virginia.gov\/content\/uploads\/sites\/6\/alphagal-info-sheet.png 538w\" sizes=\"auto, (max-width: 232px) 100vw, 232px\" \/><\/strong><\/p><\/td>\n<td style=\"width: 300px;\">\n<h3><\/h3>\n<p><strong><a href=\"https:\/\/www.vdh.virginia.gov\/content\/uploads\/sites\/217\/ALPHA-GAL-SYNDROME-PATIENT-INFORMATION-SHEET.pdf\" target=\"_blank\" rel=\"noopener\">English<\/a>\u00a0|\u00a0<a href=\"https:\/\/www.vdh.virginia.gov\/content\/uploads\/sites\/217\/ALPHA-GAL-SYNDROME-PATIENT-INFORMATION-SHEET_es.pdf\" target=\"_blank\" rel=\"noopener\">Spanish<\/a><\/strong><\/p><\/td>\n<\/tr>\n<\/tbody>\n<\/table>\n<p>&nbsp;<\/p>\n\t\t\t\t<\/div>\n\t\t\t<\/div>\n\t\t<\/div>\n\t\t<\/div>\n<\/div>\n<\/div><\/div><\/div><\/div><\/div>","protected":false},"excerpt":{"rendered":"<p>&nbsp; Bites from ticks can be both irritating and harmful to your health. These arachnids can spread a number of diseases that affect humans. Luckily, there are many ways to\u00a0protect and prevent yourself and your family against tick bites. Use these resources to help educate your communities.<\/p>\n","protected":false},"author":258,"featured_media":0,"parent":1076,"menu_order":0,"comment_status":"closed","ping_status":"closed","template":"","meta":{"_lmt_disableupdate":"no","_lmt_disable":"","inline_featured_image":false,"footnotes":""},"tags":[],"class_list":["post-10151","page","type-page","status-publish","hentry"],"yoast_head":"<!-- This site is optimized with the Yoast SEO plugin v27.3 - https:\/\/yoast.com\/product\/yoast-seo-wordpress\/ -->\n<title>Ticks Safety - Newsroom<\/title>\n<meta name=\"robots\" content=\"index, follow, max-snippet:-1, max-image-preview:large, max-video-preview:-1\" \/>\n<link rel=\"canonical\" href=\"https:\/\/www.vdh.virginia.gov\/news\/toolkits\/ticks\/\" \/>\n<meta property=\"og:locale\" content=\"en_US\" \/>\n<meta property=\"og:type\" content=\"article\" \/>\n<meta property=\"og:title\" content=\"Ticks Safety - Newsroom\" \/>\n<meta property=\"og:description\" content=\"&nbsp; Bites from ticks can be both irritating and harmful to your health. These arachnids can spread a number of diseases that affect humans. Luckily, there are many ways to\u00a0protect and prevent yourself and your family against tick bites. Use these resources to help educate your communities.\" \/>\n<meta property=\"og:url\" content=\"https:\/\/www.vdh.virginia.gov\/news\/toolkits\/ticks\/\" \/>\n<meta property=\"og:site_name\" content=\"Newsroom\" \/>\n<meta property=\"article:modified_time\" content=\"2026-01-07T14:07:34+00:00\" \/>\n<meta name=\"twitter:card\" content=\"summary_large_image\" \/>\n<meta name=\"twitter:label1\" content=\"Est. reading time\" \/>\n\t<meta name=\"twitter:data1\" content=\"4 minutes\" \/>\n<script type=\"application\/ld+json\" class=\"yoast-schema-graph\">{\"@context\":\"https:\\\/\\\/schema.org\",\"@graph\":[{\"@type\":\"WebPage\",\"@id\":\"https:\\\/\\\/www.vdh.virginia.gov\\\/news\\\/toolkits\\\/ticks\\\/\",\"url\":\"https:\\\/\\\/www.vdh.virginia.gov\\\/news\\\/toolkits\\\/ticks\\\/\",\"name\":\"Ticks Safety - Newsroom\",\"isPartOf\":{\"@id\":\"https:\\\/\\\/www.vdh.virginia.gov\\\/news\\\/#website\"},\"datePublished\":\"2023-05-12T21:16:28+00:00\",\"dateModified\":\"2026-01-07T14:07:34+00:00\",\"breadcrumb\":{\"@id\":\"https:\\\/\\\/www.vdh.virginia.gov\\\/news\\\/toolkits\\\/ticks\\\/#breadcrumb\"},\"inLanguage\":\"en-US\",\"potentialAction\":[{\"@type\":\"ReadAction\",\"target\":[\"https:\\\/\\\/www.vdh.virginia.gov\\\/news\\\/toolkits\\\/ticks\\\/\"]}]},{\"@type\":\"BreadcrumbList\",\"@id\":\"https:\\\/\\\/www.vdh.virginia.gov\\\/news\\\/toolkits\\\/ticks\\\/#breadcrumb\",\"itemListElement\":[{\"@type\":\"ListItem\",\"position\":1,\"name\":\"Home\",\"item\":\"https:\\\/\\\/www.vdh.virginia.gov\\\/news\\\/\"},{\"@type\":\"ListItem\",\"position\":2,\"name\":\"Communication Toolkits\",\"item\":\"https:\\\/\\\/www.vdh.virginia.gov\\\/news\\\/toolkits\\\/\"},{\"@type\":\"ListItem\",\"position\":3,\"name\":\"Ticks Safety\"}]},{\"@type\":\"WebSite\",\"@id\":\"https:\\\/\\\/www.vdh.virginia.gov\\\/news\\\/#website\",\"url\":\"https:\\\/\\\/www.vdh.virginia.gov\\\/news\\\/\",\"name\":\"Newsroom\",\"description\":\"\",\"potentialAction\":[{\"@type\":\"SearchAction\",\"target\":{\"@type\":\"EntryPoint\",\"urlTemplate\":\"https:\\\/\\\/www.vdh.virginia.gov\\\/news\\\/?s={search_term_string}\"},\"query-input\":{\"@type\":\"PropertyValueSpecification\",\"valueRequired\":true,\"valueName\":\"search_term_string\"}}],\"inLanguage\":\"en-US\"}]}<\/script>\n<!-- \/ Yoast SEO plugin. -->","yoast_head_json":{"title":"Ticks Safety - Newsroom","robots":{"index":"index","follow":"follow","max-snippet":"max-snippet:-1","max-image-preview":"max-image-preview:large","max-video-preview":"max-video-preview:-1"},"canonical":"https:\/\/www.vdh.virginia.gov\/news\/toolkits\/ticks\/","og_locale":"en_US","og_type":"article","og_title":"Ticks Safety - Newsroom","og_description":"&nbsp; Bites from ticks can be both irritating and harmful to your health. These arachnids can spread a number of diseases that affect humans. Luckily, there are many ways to\u00a0protect and prevent yourself and your family against tick bites. Use these resources to help educate your communities.","og_url":"https:\/\/www.vdh.virginia.gov\/news\/toolkits\/ticks\/","og_site_name":"Newsroom","article_modified_time":"2026-01-07T14:07:34+00:00","twitter_card":"summary_large_image","twitter_misc":{"Est. reading time":"4 minutes"},"schema":{"@context":"https:\/\/schema.org","@graph":[{"@type":"WebPage","@id":"https:\/\/www.vdh.virginia.gov\/news\/toolkits\/ticks\/","url":"https:\/\/www.vdh.virginia.gov\/news\/toolkits\/ticks\/","name":"Ticks Safety - Newsroom","isPartOf":{"@id":"https:\/\/www.vdh.virginia.gov\/news\/#website"},"datePublished":"2023-05-12T21:16:28+00:00","dateModified":"2026-01-07T14:07:34+00:00","breadcrumb":{"@id":"https:\/\/www.vdh.virginia.gov\/news\/toolkits\/ticks\/#breadcrumb"},"inLanguage":"en-US","potentialAction":[{"@type":"ReadAction","target":["https:\/\/www.vdh.virginia.gov\/news\/toolkits\/ticks\/"]}]},{"@type":"BreadcrumbList","@id":"https:\/\/www.vdh.virginia.gov\/news\/toolkits\/ticks\/#breadcrumb","itemListElement":[{"@type":"ListItem","position":1,"name":"Home","item":"https:\/\/www.vdh.virginia.gov\/news\/"},{"@type":"ListItem","position":2,"name":"Communication Toolkits","item":"https:\/\/www.vdh.virginia.gov\/news\/toolkits\/"},{"@type":"ListItem","position":3,"name":"Ticks Safety"}]},{"@type":"WebSite","@id":"https:\/\/www.vdh.virginia.gov\/news\/#website","url":"https:\/\/www.vdh.virginia.gov\/news\/","name":"Newsroom","description":"","potentialAction":[{"@type":"SearchAction","target":{"@type":"EntryPoint","urlTemplate":"https:\/\/www.vdh.virginia.gov\/news\/?s={search_term_string}"},"query-input":{"@type":"PropertyValueSpecification","valueRequired":true,"valueName":"search_term_string"}}],"inLanguage":"en-US"}]}},"_links":{"self":[{"href":"https:\/\/www.vdh.virginia.gov\/news\/wp-json\/wp\/v2\/pages\/10151","targetHints":{"allow":["GET"]}}],"collection":[{"href":"https:\/\/www.vdh.virginia.gov\/news\/wp-json\/wp\/v2\/pages"}],"about":[{"href":"https:\/\/www.vdh.virginia.gov\/news\/wp-json\/wp\/v2\/types\/page"}],"author":[{"embeddable":true,"href":"https:\/\/www.vdh.virginia.gov\/news\/wp-json\/wp\/v2\/users\/258"}],"replies":[{"embeddable":true,"href":"https:\/\/www.vdh.virginia.gov\/news\/wp-json\/wp\/v2\/comments?post=10151"}],"version-history":[{"count":21,"href":"https:\/\/www.vdh.virginia.gov\/news\/wp-json\/wp\/v2\/pages\/10151\/revisions"}],"predecessor-version":[{"id":16896,"href":"https:\/\/www.vdh.virginia.gov\/news\/wp-json\/wp\/v2\/pages\/10151\/revisions\/16896"}],"up":[{"embeddable":true,"href":"https:\/\/www.vdh.virginia.gov\/news\/wp-json\/wp\/v2\/pages\/1076"}],"wp:attachment":[{"href":"https:\/\/www.vdh.virginia.gov\/news\/wp-json\/wp\/v2\/media?parent=10151"}],"wp:term":[{"taxonomy":"post_tag","embeddable":true,"href":"https:\/\/www.vdh.virginia.gov\/news\/wp-json\/wp\/v2\/tags?post=10151"}],"curies":[{"name":"wp","href":"https:\/\/api.w.org\/{rel}","templated":true}]}}